{"id":269,"date":"2023-10-26T19:44:43","date_gmt":"2023-10-26T22:44:43","guid":{"rendered":"https:\/\/gif.salsanova.cloud\/?page_id=269"},"modified":"2024-01-04T17:57:09","modified_gmt":"2024-01-04T20:57:09","slug":"solucoes-law-enforcement","status":"publish","type":"page","link":"https:\/\/gif.salsanova.cloud\/index.php\/solucoes-law-enforcement\/","title":{"rendered":"Solu\u00e7\u00f5es Law Enforcement"},"content":{"rendered":"\t\t<div data-elementor-type=\"wp-page\" data-elementor-id=\"269\" class=\"elementor elementor-269\" data-elementor-post-type=\"page\">\n\t\t\t\t\t\t\t<div class=\"elementor-element elementor-element-3bcfd3d elementor-hidden-tablet elementor-hidden-mobile animated-slow e-flex e-con-boxed elementor-invisible e-con e-parent\" data-id=\"3bcfd3d\" data-element_type=\"container\" data-settings=\"{&quot;animation&quot;:&quot;fadeInUp&quot;,&quot;content_width&quot;:&quot;boxed&quot;}\" data-core-v316-plus=\"true\">\n\t\t\t\t\t<div class=\"e-con-inner\">\n\t\t<div class=\"elementor-element elementor-element-b9197b1 e-con-full e-flex e-con e-child\" data-id=\"b9197b1\" data-element_type=\"container\" data-settings=\"{&quot;content_width&quot;:&quot;full&quot;}\">\n\t\t\t\t<div class=\"elementor-element elementor-element-63c7803 elementor-widget elementor-widget-image\" data-id=\"63c7803\" data-element_type=\"widget\" data-widget_type=\"image.default\">\n\t\t\t\t<div class=\"elementor-widget-container\">\n\t\t\t<style>\/*! elementor - v3.16.0 - 09-10-2023 *\/\n.elementor-widget-image{text-align:center}.elementor-widget-image a{display:inline-block}.elementor-widget-image a img[src$=\".svg\"]{width:48px}.elementor-widget-image img{vertical-align:middle;display:inline-block}<\/style>\t\t\t\t\t\t\t\t\t\t\t\t<img decoding=\"async\" loading=\"lazy\" width=\"87\" height=\"94\" src=\"https:\/\/gif.salsanova.cloud\/wp-content\/uploads\/2023\/10\/Grupo-1095.png\" class=\"attachment-full size-full wp-image-271\" alt=\"\" \/>\t\t\t\t\t\t\t\t\t\t\t\t\t\t\t<\/div>\n\t\t\t\t<\/div>\n\t\t\t\t<\/div>\n\t\t<div class=\"elementor-element elementor-element-c7dcaa8 e-con-full e-flex e-con e-child\" data-id=\"c7dcaa8\" data-element_type=\"container\" data-settings=\"{&quot;content_width&quot;:&quot;full&quot;}\">\n\t\t\t\t<div class=\"elementor-element elementor-element-d7f43ba gif elementor-widget elementor-widget-text-editor\" data-id=\"d7f43ba\" data-element_type=\"widget\" data-widget_type=\"text-editor.default\">\n\t\t\t\t<div class=\"elementor-widget-container\">\n\t\t\t<style>\/*! elementor - v3.16.0 - 09-10-2023 *\/\n.elementor-widget-text-editor.elementor-drop-cap-view-stacked .elementor-drop-cap{background-color:#69727d;color:#fff}.elementor-widget-text-editor.elementor-drop-cap-view-framed .elementor-drop-cap{color:#69727d;border:3px solid;background-color:transparent}.elementor-widget-text-editor:not(.elementor-drop-cap-view-default) .elementor-drop-cap{margin-top:8px}.elementor-widget-text-editor:not(.elementor-drop-cap-view-default) .elementor-drop-cap-letter{width:1em;height:1em}.elementor-widget-text-editor .elementor-drop-cap{float:left;text-align:center;line-height:1;font-size:50px}.elementor-widget-text-editor .elementor-drop-cap-letter{display:inline-block}<\/style>\t\t\t\t<p>SOLU\u00c7\u00d5ES<\/p>\t\t\t\t\t\t<\/div>\n\t\t\t\t<\/div>\n\t\t\t\t<div class=\"elementor-element elementor-element-cfdc19f gif elementor-widget elementor-widget-heading\" data-id=\"cfdc19f\" data-element_type=\"widget\" data-widget_type=\"heading.default\">\n\t\t\t\t<div class=\"elementor-widget-container\">\n\t\t\t<style>\/*! elementor - v3.16.0 - 09-10-2023 *\/\n.elementor-heading-title{padding:0;margin:0;line-height:1}.elementor-widget-heading .elementor-heading-title[class*=elementor-size-]>a{color:inherit;font-size:inherit;line-height:inherit}.elementor-widget-heading .elementor-heading-title.elementor-size-small{font-size:15px}.elementor-widget-heading .elementor-heading-title.elementor-size-medium{font-size:19px}.elementor-widget-heading .elementor-heading-title.elementor-size-large{font-size:29px}.elementor-widget-heading .elementor-heading-title.elementor-size-xl{font-size:39px}.elementor-widget-heading .elementor-heading-title.elementor-size-xxl{font-size:59px}<\/style><h2 class=\"elementor-heading-title elementor-size-default\">Law Enforcement Operations<\/h2>\t\t<\/div>\n\t\t\t\t<\/div>\n\t\t\t\t<\/div>\n\t\t\t\t\t<\/div>\n\t\t\t\t<\/div>\n\t\t<div class=\"elementor-element elementor-element-70bb2ef elementor-hidden-desktop e-con-full e-flex e-con e-parent\" data-id=\"70bb2ef\" data-element_type=\"container\" data-settings=\"{&quot;content_width&quot;:&quot;full&quot;,&quot;animation_mobile&quot;:&quot;fadeInUp&quot;}\" data-core-v316-plus=\"true\">\n\t\t<div class=\"elementor-element elementor-element-404631d e-con-full e-flex e-con e-child\" data-id=\"404631d\" data-element_type=\"container\" data-settings=\"{&quot;content_width&quot;:&quot;full&quot;}\">\n\t\t\t\t<div class=\"elementor-element elementor-element-b6f1a10 elementor-widget elementor-widget-image\" data-id=\"b6f1a10\" data-element_type=\"widget\" data-widget_type=\"image.default\">\n\t\t\t\t<div class=\"elementor-widget-container\">\n\t\t\t\t\t\t\t\t\t\t\t\t\t\t\t<img decoding=\"async\" loading=\"lazy\" width=\"87\" height=\"94\" src=\"https:\/\/gif.salsanova.cloud\/wp-content\/uploads\/2023\/10\/Grupo-1095.png\" class=\"attachment-full size-full wp-image-271\" alt=\"\" \/>\t\t\t\t\t\t\t\t\t\t\t\t\t\t\t<\/div>\n\t\t\t\t<\/div>\n\t\t\t\t<\/div>\n\t\t<div class=\"elementor-element elementor-element-2171eda e-con-full e-flex e-con e-child\" data-id=\"2171eda\" data-element_type=\"container\" data-settings=\"{&quot;content_width&quot;:&quot;full&quot;}\">\n\t\t\t\t<div class=\"elementor-element elementor-element-a2b8006 gif elementor-widget elementor-widget-text-editor\" data-id=\"a2b8006\" data-element_type=\"widget\" data-widget_type=\"text-editor.default\">\n\t\t\t\t<div class=\"elementor-widget-container\">\n\t\t\t\t\t\t\t<p>SOLU\u00c7\u00d5ES<\/p>\t\t\t\t\t\t<\/div>\n\t\t\t\t<\/div>\n\t\t\t\t<div class=\"elementor-element elementor-element-326e6f6 gif elementor-widget elementor-widget-heading\" data-id=\"326e6f6\" data-element_type=\"widget\" data-widget_type=\"heading.default\">\n\t\t\t\t<div class=\"elementor-widget-container\">\n\t\t\t<h2 class=\"elementor-heading-title elementor-size-default\">Law Enforcement Operations<\/h2>\t\t<\/div>\n\t\t\t\t<\/div>\n\t\t\t\t<\/div>\n\t\t\t\t<\/div>\n\t\t<div class=\"elementor-element elementor-element-b5fef0f elementor-hidden-tablet elementor-hidden-mobile animated-slow e-flex e-con-boxed elementor-invisible e-con e-parent\" data-id=\"b5fef0f\" data-element_type=\"container\" data-settings=\"{&quot;animation&quot;:&quot;fadeInUp&quot;,&quot;content_width&quot;:&quot;boxed&quot;}\" data-core-v316-plus=\"true\">\n\t\t\t\t\t<div class=\"e-con-inner\">\n\t\t<div class=\"elementor-element elementor-element-a0122e8 e-con-full e-flex e-con e-child\" data-id=\"a0122e8\" data-element_type=\"container\" data-settings=\"{&quot;content_width&quot;:&quot;full&quot;}\">\n\t\t\t\t<div class=\"elementor-element elementor-element-833d91a gif elementor-widget elementor-widget-text-editor\" data-id=\"833d91a\" data-element_type=\"widget\" data-widget_type=\"text-editor.default\">\n\t\t\t\t<div class=\"elementor-widget-container\">\n\t\t\t\t\t\t\t<p>Nosso compromisso com a aplica\u00e7\u00e3o da lei \u00e9 um dos nossos principais diferenciais.\u00a0<\/p>\t\t\t\t\t\t<\/div>\n\t\t\t\t<\/div>\n\t\t\t\t<div class=\"elementor-element elementor-element-9e6f9dd gif elementor-widget elementor-widget-text-editor\" data-id=\"9e6f9dd\" data-element_type=\"widget\" data-widget_type=\"text-editor.default\">\n\t\t\t\t<div class=\"elementor-widget-container\">\n\t\t\t\t\t\t\t<p>Contamos com uma equipe especializada em Law Enforcement Operations, que fortalece a colabora\u00e7\u00e3o entre \u00f3rg\u00e3os p\u00fablicos e setor privado. Essa parceria nos permite atuar de forma eficiente e oferecer solu\u00e7\u00f5es efetivas.\u00a0<\/p>\t\t\t\t\t\t<\/div>\n\t\t\t\t<\/div>\n\t\t\t\t<div class=\"elementor-element elementor-element-44fd9a9 gif elementor-widget elementor-widget-text-editor\" data-id=\"44fd9a9\" data-element_type=\"widget\" data-widget_type=\"text-editor.default\">\n\t\t\t\t<div class=\"elementor-widget-container\">\n\t\t\t\t\t\t\t<p>Como parte de nossas iniciativas de engajamento com os \u00f3rg\u00e3os p\u00fablicos, fornecemos treinamentos, oferecemos suporte nas an\u00e1lises e auxiliamos na solicita\u00e7\u00e3o formal de informa\u00e7\u00f5es. Nosso objetivo \u00e9 facilitar a comunica\u00e7\u00e3o entre\u00a0 as autoridades e as empresas, garantindo o sucesso no andamento das solicita\u00e7\u00f5es.<\/p>\t\t\t\t\t\t<\/div>\n\t\t\t\t<\/div>\n\t\t\t\t<div class=\"elementor-element elementor-element-2274fad gif elementor-widget elementor-widget-text-editor\" data-id=\"2274fad\" data-element_type=\"widget\" data-widget_type=\"text-editor.default\">\n\t\t\t\t<div class=\"elementor-widget-container\">\n\t\t\t\t\t\t\t<p>Acreditamos que as parcerias entre os setores p\u00fablico e privado t\u00eam como objetivo beneficiar a sociedade como um todo.<\/p>\t\t\t\t\t\t<\/div>\n\t\t\t\t<\/div>\n\t\t\t\t<\/div>\n\t\t<div class=\"elementor-element elementor-element-475eb6a e-con-full e-flex e-con e-child\" data-id=\"475eb6a\" data-element_type=\"container\" data-settings=\"{&quot;content_width&quot;:&quot;full&quot;}\">\n\t\t\t\t<div class=\"elementor-element elementor-element-1f8d251 elementor-widget elementor-widget-html\" data-id=\"1f8d251\" data-element_type=\"widget\" data-widget_type=\"html.default\">\n\t\t\t\t<div class=\"elementor-widget-container\">\n\t\t\t<style>\n    .gif h2, .gif a, .gif p, .gif span, .gif h3, .gif {\n        font-family: museo-sans !important;\n    }\n    \n    .fade:hover {\n        transition-delay: 0.5s !important;\n    \n<\/style>\t\t<\/div>\n\t\t\t\t<\/div>\n\t\t\t\t<\/div>\n\t\t\t\t\t<\/div>\n\t\t\t\t<\/div>\n\t\t<div class=\"elementor-element elementor-element-04f5740 elementor-hidden-desktop e-con-full e-flex e-con e-parent\" data-id=\"04f5740\" data-element_type=\"container\" data-settings=\"{&quot;content_width&quot;:&quot;full&quot;,&quot;animation_mobile&quot;:&quot;fadeInUp&quot;}\" data-core-v316-plus=\"true\">\n\t\t<div class=\"elementor-element elementor-element-c312dbe e-con-full e-flex e-con e-child\" data-id=\"c312dbe\" data-element_type=\"container\" data-settings=\"{&quot;content_width&quot;:&quot;full&quot;}\">\n\t\t\t\t<div class=\"elementor-element elementor-element-b66230e gif elementor-widget elementor-widget-text-editor\" data-id=\"b66230e\" data-element_type=\"widget\" data-widget_type=\"text-editor.default\">\n\t\t\t\t<div class=\"elementor-widget-container\">\n\t\t\t\t\t\t\t<p>Nosso compromisso com a aplica\u00e7\u00e3o da lei \u00e9 um dos nossos principais diferenciais.\u00a0<\/p>\t\t\t\t\t\t<\/div>\n\t\t\t\t<\/div>\n\t\t\t\t<div class=\"elementor-element elementor-element-9c478dd gif elementor-widget elementor-widget-text-editor\" data-id=\"9c478dd\" data-element_type=\"widget\" data-widget_type=\"text-editor.default\">\n\t\t\t\t<div class=\"elementor-widget-container\">\n\t\t\t\t\t\t\t<p>Contamos com uma equipe especializada em Law Enforcement Operations, que fortalece a colabora\u00e7\u00e3o entre \u00f3rg\u00e3os p\u00fablicos e setor privado. Essa parceria nos permite atuar de forma eficiente e oferecer solu\u00e7\u00f5es efetivas.\u00a0<\/p>\t\t\t\t\t\t<\/div>\n\t\t\t\t<\/div>\n\t\t\t\t<div class=\"elementor-element elementor-element-2777381 gif elementor-widget elementor-widget-text-editor\" data-id=\"2777381\" data-element_type=\"widget\" data-widget_type=\"text-editor.default\">\n\t\t\t\t<div class=\"elementor-widget-container\">\n\t\t\t\t\t\t\t<p>Como parte de nossas iniciativas de engajamento com os \u00f3rg\u00e3os p\u00fablicos, fornecemos treinamentos, oferecemos suporte nas an\u00e1lises e auxiliamos na solicita\u00e7\u00e3o formal de informa\u00e7\u00f5es. Nosso objetivo \u00e9 facilitar a comunica\u00e7\u00e3o entre\u00a0 as autoridades e as empresas, garantindo o sucesso no andamento das solicita\u00e7\u00f5es.<\/p>\t\t\t\t\t\t<\/div>\n\t\t\t\t<\/div>\n\t\t\t\t<div class=\"elementor-element elementor-element-123e155 gif elementor-widget elementor-widget-text-editor\" data-id=\"123e155\" data-element_type=\"widget\" data-widget_type=\"text-editor.default\">\n\t\t\t\t<div class=\"elementor-widget-container\">\n\t\t\t\t\t\t\t<p>Acreditamos que as parcerias entre os setores p\u00fablico e privado t\u00eam como objetivo beneficiar a sociedade como um todo.<\/p>\t\t\t\t\t\t<\/div>\n\t\t\t\t<\/div>\n\t\t\t\t<\/div>\n\t\t<div class=\"elementor-element elementor-element-0b16e27 e-con-full e-flex e-con e-child\" data-id=\"0b16e27\" data-element_type=\"container\" data-settings=\"{&quot;content_width&quot;:&quot;full&quot;}\">\n\t\t\t\t<div class=\"elementor-element elementor-element-ae1ee16 elementor-widget elementor-widget-html\" data-id=\"ae1ee16\" data-element_type=\"widget\" data-widget_type=\"html.default\">\n\t\t\t\t<div class=\"elementor-widget-container\">\n\t\t\t<style>\n    .gif h2, .gif a, .gif p, .gif span, .gif h3, .gif {\n        font-family: museo-sans !important;\n    }\n    \n    .fade:hover {\n        transition-delay: 0.5s !important;\n    \n<\/style>\t\t<\/div>\n\t\t\t\t<\/div>\n\t\t\t\t<\/div>\n\t\t\t\t<\/div>\n\t\t<div class=\"elementor-element elementor-element-83d3fd7 elementor-hidden-tablet elementor-hidden-mobile animated-slow e-flex e-con-boxed elementor-invisible e-con e-parent\" data-id=\"83d3fd7\" data-element_type=\"container\" data-settings=\"{&quot;animation&quot;:&quot;fadeInUp&quot;,&quot;content_width&quot;:&quot;boxed&quot;}\" data-core-v316-plus=\"true\">\n\t\t\t\t\t<div class=\"e-con-inner\">\n\t\t<div class=\"elementor-element elementor-element-6176ccb e-con-full e-flex e-con e-child\" data-id=\"6176ccb\" data-element_type=\"container\" data-settings=\"{&quot;content_width&quot;:&quot;full&quot;}\">\n\t\t\t\t<div class=\"elementor-element elementor-element-d3685a6 gif elementor-widget elementor-widget-text-editor\" data-id=\"d3685a6\" data-element_type=\"widget\" data-widget_type=\"text-editor.default\">\n\t\t\t\t<div class=\"elementor-widget-container\">\n\t\t\t\t\t\t\t<p>Confie na GIF para proteger seu neg\u00f3cio e combater fraudes de forma eficaz.<\/p>\t\t\t\t\t\t<\/div>\n\t\t\t\t<\/div>\n\t\t\t\t<\/div>\n\t\t\t\t\t<\/div>\n\t\t\t\t<\/div>\n\t\t<div class=\"elementor-element elementor-element-328963f elementor-hidden-desktop e-con-full e-flex e-con e-parent\" data-id=\"328963f\" data-element_type=\"container\" data-settings=\"{&quot;content_width&quot;:&quot;full&quot;,&quot;animation_mobile&quot;:&quot;fadeInUp&quot;}\" data-core-v316-plus=\"true\">\n\t\t<div class=\"elementor-element elementor-element-5ff38e1 e-con-full e-flex e-con e-child\" data-id=\"5ff38e1\" data-element_type=\"container\" data-settings=\"{&quot;content_width&quot;:&quot;full&quot;}\">\n\t\t\t\t<div class=\"elementor-element elementor-element-8dfcad5 gif elementor-widget elementor-widget-text-editor\" data-id=\"8dfcad5\" data-element_type=\"widget\" data-widget_type=\"text-editor.default\">\n\t\t\t\t<div class=\"elementor-widget-container\">\n\t\t\t\t\t\t\t<p>Confie na GIF para proteger seu neg\u00f3cio e combater fraudes de forma eficaz.<\/p>\t\t\t\t\t\t<\/div>\n\t\t\t\t<\/div>\n\t\t\t\t<\/div>\n\t\t\t\t<\/div>\n\t\t\t\t\t\t\t<\/div>\n\t\t","protected":false},"excerpt":{"rendered":"<p>SOLU\u00c7\u00d5ES Law Enforcement Operations SOLU\u00c7\u00d5ES Law Enforcement Operations Nosso compromisso com a aplica\u00e7\u00e3o da lei \u00e9 um dos nossos principais diferenciais.\u00a0 Contamos com uma equipe especializada em Law Enforcement Operations, que fortalece a colabora\u00e7\u00e3o entre \u00f3rg\u00e3os p\u00fablicos e setor privado. Essa parceria nos permite atuar de forma eficiente e oferecer solu\u00e7\u00f5es efetivas.\u00a0 Como parte de [&hellip;]<\/p>\n","protected":false},"author":1,"featured_media":0,"parent":0,"menu_order":0,"comment_status":"closed","ping_status":"closed","template":"elementor_header_footer","meta":{"footnotes":""},"_links":{"self":[{"href":"https:\/\/gif.salsanova.cloud\/index.php\/wp-json\/wp\/v2\/pages\/269"}],"collection":[{"href":"https:\/\/gif.salsanova.cloud\/index.php\/wp-json\/wp\/v2\/pages"}],"about":[{"href":"https:\/\/gif.salsanova.cloud\/index.php\/wp-json\/wp\/v2\/types\/page"}],"author":[{"embeddable":true,"href":"https:\/\/gif.salsanova.cloud\/index.php\/wp-json\/wp\/v2\/users\/1"}],"replies":[{"embeddable":true,"href":"https:\/\/gif.salsanova.cloud\/index.php\/wp-json\/wp\/v2\/comments?post=269"}],"version-history":[{"count":98,"href":"https:\/\/gif.salsanova.cloud\/index.php\/wp-json\/wp\/v2\/pages\/269\/revisions"}],"predecessor-version":[{"id":4288,"href":"https:\/\/gif.salsanova.cloud\/index.php\/wp-json\/wp\/v2\/pages\/269\/revisions\/4288"}],"wp:attachment":[{"href":"https:\/\/gif.salsanova.cloud\/index.php\/wp-json\/wp\/v2\/media?parent=269"}],"curies":[{"name":"wp","href":"https:\/\/api.w.org\/{rel}","templated":true}]}}