{"id":3102,"date":"2023-12-04T17:43:08","date_gmt":"2023-12-04T20:43:08","guid":{"rendered":"https:\/\/gif.salsanova.cloud\/?page_id=3102"},"modified":"2024-01-04T17:56:02","modified_gmt":"2024-01-04T20:56:02","slug":"solucoes-inteligencia-antifraude-en","status":"publish","type":"page","link":"https:\/\/gif.salsanova.cloud\/index.php\/solucoes-inteligencia-antifraude-en\/","title":{"rendered":"Solu\u00e7\u00f5es Intelig\u00eancia antifraude EN"},"content":{"rendered":"\t\t<div data-elementor-type=\"wp-page\" data-elementor-id=\"3102\" class=\"elementor elementor-3102\" data-elementor-post-type=\"page\">\n\t\t\t\t\t\t\t<div class=\"elementor-element elementor-element-3bcfd3d elementor-hidden-tablet elementor-hidden-mobile animated-slow e-flex e-con-boxed elementor-invisible e-con e-parent\" data-id=\"3bcfd3d\" data-element_type=\"container\" data-settings=\"{&quot;animation&quot;:&quot;fadeInUp&quot;,&quot;content_width&quot;:&quot;boxed&quot;}\" data-core-v316-plus=\"true\">\n\t\t\t\t\t<div class=\"e-con-inner\">\n\t\t<div class=\"elementor-element elementor-element-b9197b1 e-con-full e-flex e-con e-child\" data-id=\"b9197b1\" data-element_type=\"container\" data-settings=\"{&quot;content_width&quot;:&quot;full&quot;}\">\n\t\t\t\t<div class=\"elementor-element elementor-element-63c7803 elementor-widget elementor-widget-image\" data-id=\"63c7803\" data-element_type=\"widget\" data-widget_type=\"image.default\">\n\t\t\t\t<div class=\"elementor-widget-container\">\n\t\t\t<style>\/*! elementor - v3.16.0 - 09-10-2023 *\/\n.elementor-widget-image{text-align:center}.elementor-widget-image a{display:inline-block}.elementor-widget-image a img[src$=\".svg\"]{width:48px}.elementor-widget-image img{vertical-align:middle;display:inline-block}<\/style>\t\t\t\t\t\t\t\t\t\t\t\t<img decoding=\"async\" loading=\"lazy\" width=\"71\" height=\"94\" src=\"https:\/\/gif.salsanova.cloud\/wp-content\/uploads\/2023\/10\/Grupo-1088.png\" class=\"attachment-full size-full wp-image-265\" alt=\"\" \/>\t\t\t\t\t\t\t\t\t\t\t\t\t\t\t<\/div>\n\t\t\t\t<\/div>\n\t\t\t\t<\/div>\n\t\t<div class=\"elementor-element elementor-element-c7dcaa8 e-con-full e-flex e-con e-child\" data-id=\"c7dcaa8\" data-element_type=\"container\" data-settings=\"{&quot;content_width&quot;:&quot;full&quot;}\">\n\t\t\t\t<div class=\"elementor-element elementor-element-d7f43ba gif elementor-widget elementor-widget-text-editor\" data-id=\"d7f43ba\" data-element_type=\"widget\" data-widget_type=\"text-editor.default\">\n\t\t\t\t<div class=\"elementor-widget-container\">\n\t\t\t<style>\/*! elementor - v3.16.0 - 09-10-2023 *\/\n.elementor-widget-text-editor.elementor-drop-cap-view-stacked .elementor-drop-cap{background-color:#69727d;color:#fff}.elementor-widget-text-editor.elementor-drop-cap-view-framed .elementor-drop-cap{color:#69727d;border:3px solid;background-color:transparent}.elementor-widget-text-editor:not(.elementor-drop-cap-view-default) .elementor-drop-cap{margin-top:8px}.elementor-widget-text-editor:not(.elementor-drop-cap-view-default) .elementor-drop-cap-letter{width:1em;height:1em}.elementor-widget-text-editor .elementor-drop-cap{float:left;text-align:center;line-height:1;font-size:50px}.elementor-widget-text-editor .elementor-drop-cap-letter{display:inline-block}<\/style>\t\t\t\t<p>SOLUTIONS<\/p>\t\t\t\t\t\t<\/div>\n\t\t\t\t<\/div>\n\t\t\t\t<div class=\"elementor-element elementor-element-cfdc19f gif elementor-widget elementor-widget-heading\" data-id=\"cfdc19f\" data-element_type=\"widget\" data-widget_type=\"heading.default\">\n\t\t\t\t<div class=\"elementor-widget-container\">\n\t\t\t<style>\/*! elementor - v3.16.0 - 09-10-2023 *\/\n.elementor-heading-title{padding:0;margin:0;line-height:1}.elementor-widget-heading .elementor-heading-title[class*=elementor-size-]>a{color:inherit;font-size:inherit;line-height:inherit}.elementor-widget-heading .elementor-heading-title.elementor-size-small{font-size:15px}.elementor-widget-heading .elementor-heading-title.elementor-size-medium{font-size:19px}.elementor-widget-heading .elementor-heading-title.elementor-size-large{font-size:29px}.elementor-widget-heading .elementor-heading-title.elementor-size-xl{font-size:39px}.elementor-widget-heading .elementor-heading-title.elementor-size-xxl{font-size:59px}<\/style><h2 class=\"elementor-heading-title elementor-size-default\">Anti-Fraud Intelligence\n<\/h2>\t\t<\/div>\n\t\t\t\t<\/div>\n\t\t\t\t<\/div>\n\t\t\t\t\t<\/div>\n\t\t\t\t<\/div>\n\t\t<div class=\"elementor-element elementor-element-d745d17 elementor-hidden-desktop e-con-full e-flex e-con e-parent\" data-id=\"d745d17\" data-element_type=\"container\" data-settings=\"{&quot;content_width&quot;:&quot;full&quot;,&quot;animation_mobile&quot;:&quot;fadeInUp&quot;}\" data-core-v316-plus=\"true\">\n\t\t<div class=\"elementor-element elementor-element-d50978d e-con-full e-flex e-con e-child\" data-id=\"d50978d\" data-element_type=\"container\" data-settings=\"{&quot;content_width&quot;:&quot;full&quot;}\">\n\t\t\t\t<div class=\"elementor-element elementor-element-620384c elementor-widget elementor-widget-image\" data-id=\"620384c\" data-element_type=\"widget\" data-widget_type=\"image.default\">\n\t\t\t\t<div class=\"elementor-widget-container\">\n\t\t\t\t\t\t\t\t\t\t\t\t\t\t\t<img decoding=\"async\" loading=\"lazy\" width=\"71\" height=\"94\" src=\"https:\/\/gif.salsanova.cloud\/wp-content\/uploads\/2023\/10\/Grupo-1088.png\" class=\"attachment-full size-full wp-image-265\" alt=\"\" \/>\t\t\t\t\t\t\t\t\t\t\t\t\t\t\t<\/div>\n\t\t\t\t<\/div>\n\t\t\t\t<\/div>\n\t\t<div class=\"elementor-element elementor-element-bd5db81 e-con-full e-flex e-con e-child\" data-id=\"bd5db81\" data-element_type=\"container\" data-settings=\"{&quot;content_width&quot;:&quot;full&quot;}\">\n\t\t\t\t<div class=\"elementor-element elementor-element-8cd282a gif elementor-widget elementor-widget-text-editor\" data-id=\"8cd282a\" data-element_type=\"widget\" data-widget_type=\"text-editor.default\">\n\t\t\t\t<div class=\"elementor-widget-container\">\n\t\t\t\t\t\t\t<p>SOLUTIONS<\/p>\t\t\t\t\t\t<\/div>\n\t\t\t\t<\/div>\n\t\t\t\t<div class=\"elementor-element elementor-element-e3d0e9a gif elementor-widget elementor-widget-heading\" data-id=\"e3d0e9a\" data-element_type=\"widget\" data-widget_type=\"heading.default\">\n\t\t\t\t<div class=\"elementor-widget-container\">\n\t\t\t<h2 class=\"elementor-heading-title elementor-size-default\">Anti-Fraud Intelligence\n<\/h2>\t\t<\/div>\n\t\t\t\t<\/div>\n\t\t\t\t<\/div>\n\t\t\t\t<\/div>\n\t\t<div class=\"elementor-element elementor-element-b5fef0f elementor-hidden-tablet elementor-hidden-mobile animated-slow e-flex e-con-boxed elementor-invisible e-con e-parent\" data-id=\"b5fef0f\" data-element_type=\"container\" data-settings=\"{&quot;animation&quot;:&quot;fadeInUp&quot;,&quot;content_width&quot;:&quot;boxed&quot;}\" data-core-v316-plus=\"true\">\n\t\t\t\t\t<div class=\"e-con-inner\">\n\t\t<div class=\"elementor-element elementor-element-a0122e8 e-con-full e-flex e-con e-child\" data-id=\"a0122e8\" data-element_type=\"container\" data-settings=\"{&quot;content_width&quot;:&quot;full&quot;}\">\n\t\t\t\t<div class=\"elementor-element elementor-element-833d91a gif elementor-widget elementor-widget-text-editor\" data-id=\"833d91a\" data-element_type=\"widget\" data-widget_type=\"text-editor.default\">\n\t\t\t\t<div class=\"elementor-widget-container\">\n\t\t\t\t\t\t\t<p>Our Anti-Fraud Intelligence team is committed to provide a personalized service to our clients, understanding their needs and meeting their expectations.<\/p>\t\t\t\t\t\t<\/div>\n\t\t\t\t<\/div>\n\t\t\t\t<div class=\"elementor-element elementor-element-9e6f9dd gif elementor-widget elementor-widget-text-editor\" data-id=\"9e6f9dd\" data-element_type=\"widget\" data-widget_type=\"text-editor.default\">\n\t\t\t\t<div class=\"elementor-widget-container\">\n\t\t\t\t\t\t\t<p>We have specialists in different sectors, trained to develop tailored strategies, with the aim of effectively combating any fraud identified.<\/p>\t\t\t\t\t\t<\/div>\n\t\t\t\t<\/div>\n\t\t\t\t<div class=\"elementor-element elementor-element-44fd9a9 gif elementor-widget elementor-widget-text-editor\" data-id=\"44fd9a9\" data-element_type=\"widget\" data-widget_type=\"text-editor.default\">\n\t\t\t\t<div class=\"elementor-widget-container\">\n\t\t\t\t\t\t\t<p>Our foremost objectives are to analyze cases of fraud in which our clients have been victims, seeking to answer fundamental questions about the occurrence, including what happened, how it happened, when it happened, and who was involved. In order to achieve this, we work in collaboration with legal teams, collecting evidence, and identifying those responsible for fraudulent activity.<\/p>\t\t\t\t\t\t<\/div>\n\t\t\t\t<\/div>\n\t\t\t\t<div class=\"elementor-element elementor-element-2274fad gif elementor-widget elementor-widget-text-editor\" data-id=\"2274fad\" data-element_type=\"widget\" data-widget_type=\"text-editor.default\">\n\t\t\t\t<div class=\"elementor-widget-container\">\n\t\t\t\t\t\t\t<p>In addition to this investigation phase, we deliver a final report in which we highlight possible vulnerabilities in the processes, offering recommendations for improvements.<\/p>\t\t\t\t\t\t<\/div>\n\t\t\t\t<\/div>\n\t\t\t\t<\/div>\n\t\t<div class=\"elementor-element elementor-element-475eb6a e-con-full e-flex e-con e-child\" data-id=\"475eb6a\" data-element_type=\"container\" data-settings=\"{&quot;content_width&quot;:&quot;full&quot;}\">\n\t\t\t\t<div class=\"elementor-element elementor-element-1f8d251 elementor-widget elementor-widget-html\" data-id=\"1f8d251\" data-element_type=\"widget\" data-widget_type=\"html.default\">\n\t\t\t\t<div class=\"elementor-widget-container\">\n\t\t\t<style>\n    .gif h2, .gif a, .gif p, .gif span, .gif h3, .gif {\n        font-family: museo-sans !important;\n    }\n    \n    .fade:hover {\n        transition-delay: 0.5s !important;\n    \n<\/style>\t\t<\/div>\n\t\t\t\t<\/div>\n\t\t\t\t<\/div>\n\t\t\t\t\t<\/div>\n\t\t\t\t<\/div>\n\t\t<div class=\"elementor-element elementor-element-a5b7c34 elementor-hidden-desktop e-con-full e-flex e-con e-parent\" data-id=\"a5b7c34\" data-element_type=\"container\" data-settings=\"{&quot;content_width&quot;:&quot;full&quot;,&quot;animation_mobile&quot;:&quot;fadeInUp&quot;}\" data-core-v316-plus=\"true\">\n\t\t<div class=\"elementor-element elementor-element-e1f9034 e-con-full e-flex e-con e-child\" data-id=\"e1f9034\" data-element_type=\"container\" data-settings=\"{&quot;content_width&quot;:&quot;full&quot;}\">\n\t\t\t\t<div class=\"elementor-element elementor-element-f6178d6 gif elementor-widget elementor-widget-text-editor\" data-id=\"f6178d6\" data-element_type=\"widget\" data-widget_type=\"text-editor.default\">\n\t\t\t\t<div class=\"elementor-widget-container\">\n\t\t\t\t\t\t\t<p>Our Anti-Fraud Intelligence team is committed to provide a personalized service to our clients, understanding their needs and meeting their expectations.<\/p>\t\t\t\t\t\t<\/div>\n\t\t\t\t<\/div>\n\t\t\t\t<div class=\"elementor-element elementor-element-a442356 gif elementor-widget elementor-widget-text-editor\" data-id=\"a442356\" data-element_type=\"widget\" data-widget_type=\"text-editor.default\">\n\t\t\t\t<div class=\"elementor-widget-container\">\n\t\t\t\t\t\t\t<p>We have specialists in different sectors, trained to develop tailored strategies, with the aim of effectively combating any fraud identified.<\/p>\t\t\t\t\t\t<\/div>\n\t\t\t\t<\/div>\n\t\t\t\t<div class=\"elementor-element elementor-element-7ae0885 gif elementor-widget elementor-widget-text-editor\" data-id=\"7ae0885\" data-element_type=\"widget\" data-widget_type=\"text-editor.default\">\n\t\t\t\t<div class=\"elementor-widget-container\">\n\t\t\t\t\t\t\t<p>Our foremost objectives are to analyze cases of fraud in which our clients have been victims, seeking to answer fundamental questions about the occurrence, including what happened, how it happened, when it happened, and who was involved. In order to achieve this, we work in collaboration with legal teams, collecting evidence, and identifying those responsible for fraudulent activity.<\/p>\t\t\t\t\t\t<\/div>\n\t\t\t\t<\/div>\n\t\t\t\t<div class=\"elementor-element elementor-element-b4f834d gif elementor-widget elementor-widget-text-editor\" data-id=\"b4f834d\" data-element_type=\"widget\" data-widget_type=\"text-editor.default\">\n\t\t\t\t<div class=\"elementor-widget-container\">\n\t\t\t\t\t\t\t<p>In addition to this investigation phase, we deliver a final report in which we highlight possible vulnerabilities in the processes, offering recommendations for improvements.<\/p>\t\t\t\t\t\t<\/div>\n\t\t\t\t<\/div>\n\t\t\t\t<\/div>\n\t\t<div class=\"elementor-element elementor-element-3e968be e-con-full e-flex e-con e-child\" data-id=\"3e968be\" data-element_type=\"container\" data-settings=\"{&quot;content_width&quot;:&quot;full&quot;}\">\n\t\t\t\t<div class=\"elementor-element elementor-element-e89d5ec elementor-widget elementor-widget-html\" data-id=\"e89d5ec\" data-element_type=\"widget\" data-widget_type=\"html.default\">\n\t\t\t\t<div class=\"elementor-widget-container\">\n\t\t\t<style>\n    .gif h2, .gif a, .gif p, .gif span, .gif h3, .gif {\n        font-family: museo-sans !important;\n    }\n    \n    .fade:hover {\n        transition-delay: 0.5s !important;\n    \n<\/style>\t\t<\/div>\n\t\t\t\t<\/div>\n\t\t\t\t<\/div>\n\t\t\t\t<\/div>\n\t\t<div class=\"elementor-element elementor-element-83d3fd7 elementor-hidden-tablet elementor-hidden-mobile animated-slow e-flex e-con-boxed elementor-invisible e-con e-parent\" data-id=\"83d3fd7\" data-element_type=\"container\" data-settings=\"{&quot;animation&quot;:&quot;fadeInUp&quot;,&quot;content_width&quot;:&quot;boxed&quot;}\" data-core-v316-plus=\"true\">\n\t\t\t\t\t<div class=\"e-con-inner\">\n\t\t<div class=\"elementor-element elementor-element-e4b308a e-con-full e-flex e-con e-child\" data-id=\"e4b308a\" data-element_type=\"container\" data-settings=\"{&quot;content_width&quot;:&quot;full&quot;}\">\n\t\t\t\t<\/div>\n\t\t<div class=\"elementor-element elementor-element-6176ccb e-con-full e-flex e-con e-child\" data-id=\"6176ccb\" data-element_type=\"container\" data-settings=\"{&quot;content_width&quot;:&quot;full&quot;}\">\n\t\t\t\t<div class=\"elementor-element elementor-element-d3685a6 gif elementor-widget elementor-widget-text-editor\" data-id=\"d3685a6\" data-element_type=\"widget\" data-widget_type=\"text-editor.default\">\n\t\t\t\t<div class=\"elementor-widget-container\">\n\t\t\t\t\t\t\t<p>We are standing by to provide assistance at every stage of the process, ensuring the best support for our clients.<\/p>\t\t\t\t\t\t<\/div>\n\t\t\t\t<\/div>\n\t\t\t\t<\/div>\n\t\t<div class=\"elementor-element elementor-element-6671c2b e-con-full e-flex e-con e-child\" data-id=\"6671c2b\" data-element_type=\"container\" data-settings=\"{&quot;content_width&quot;:&quot;full&quot;}\">\n\t\t\t\t<\/div>\n\t\t\t\t\t<\/div>\n\t\t\t\t<\/div>\n\t\t<div class=\"elementor-element elementor-element-dc58304 elementor-hidden-desktop e-con-full e-flex e-con e-parent\" data-id=\"dc58304\" data-element_type=\"container\" data-settings=\"{&quot;content_width&quot;:&quot;full&quot;,&quot;animation_mobile&quot;:&quot;fadeInUp&quot;}\" data-core-v316-plus=\"true\">\n\t\t<div class=\"elementor-element elementor-element-089861d e-con-full e-flex e-con e-child\" data-id=\"089861d\" data-element_type=\"container\" data-settings=\"{&quot;content_width&quot;:&quot;full&quot;}\">\n\t\t\t\t<\/div>\n\t\t<div class=\"elementor-element elementor-element-90117be e-con-full e-flex e-con e-child\" data-id=\"90117be\" data-element_type=\"container\" data-settings=\"{&quot;content_width&quot;:&quot;full&quot;}\">\n\t\t\t\t<div class=\"elementor-element elementor-element-cf3ee6a gif elementor-widget elementor-widget-text-editor\" data-id=\"cf3ee6a\" data-element_type=\"widget\" data-widget_type=\"text-editor.default\">\n\t\t\t\t<div class=\"elementor-widget-container\">\n\t\t\t\t\t\t\t<p>We are standing by to provide assistance at every stage of the process, ensuring the best support for our clients.<\/p>\t\t\t\t\t\t<\/div>\n\t\t\t\t<\/div>\n\t\t\t\t<\/div>\n\t\t<div class=\"elementor-element elementor-element-e8d5a76 e-con-full e-flex e-con e-child\" data-id=\"e8d5a76\" data-element_type=\"container\" data-settings=\"{&quot;content_width&quot;:&quot;full&quot;}\">\n\t\t\t\t<\/div>\n\t\t\t\t<\/div>\n\t\t\t\t\t\t\t<\/div>\n\t\t","protected":false},"excerpt":{"rendered":"<p>SOLUTIONS Anti-Fraud Intelligence SOLUTIONS Anti-Fraud Intelligence Our Anti-Fraud Intelligence team is committed to provide a personalized service to our clients, understanding their needs and meeting their expectations. We have specialists in different sectors, trained to develop tailored strategies, with the aim of effectively combating any fraud identified. Our foremost objectives are to analyze cases of [&hellip;]<\/p>\n","protected":false},"author":2,"featured_media":0,"parent":0,"menu_order":0,"comment_status":"closed","ping_status":"closed","template":"elementor_header_footer","meta":{"footnotes":""},"_links":{"self":[{"href":"https:\/\/gif.salsanova.cloud\/index.php\/wp-json\/wp\/v2\/pages\/3102"}],"collection":[{"href":"https:\/\/gif.salsanova.cloud\/index.php\/wp-json\/wp\/v2\/pages"}],"about":[{"href":"https:\/\/gif.salsanova.cloud\/index.php\/wp-json\/wp\/v2\/types\/page"}],"author":[{"embeddable":true,"href":"https:\/\/gif.salsanova.cloud\/index.php\/wp-json\/wp\/v2\/users\/2"}],"replies":[{"embeddable":true,"href":"https:\/\/gif.salsanova.cloud\/index.php\/wp-json\/wp\/v2\/comments?post=3102"}],"version-history":[{"count":25,"href":"https:\/\/gif.salsanova.cloud\/index.php\/wp-json\/wp\/v2\/pages\/3102\/revisions"}],"predecessor-version":[{"id":4279,"href":"https:\/\/gif.salsanova.cloud\/index.php\/wp-json\/wp\/v2\/pages\/3102\/revisions\/4279"}],"wp:attachment":[{"href":"https:\/\/gif.salsanova.cloud\/index.php\/wp-json\/wp\/v2\/media?parent=3102"}],"curies":[{"name":"wp","href":"https:\/\/api.w.org\/{rel}","templated":true}]}}