{"id":3175,"date":"2023-12-04T18:17:05","date_gmt":"2023-12-04T21:17:05","guid":{"rendered":"https:\/\/gif.salsanova.cloud\/?page_id=3175"},"modified":"2024-01-04T17:59:55","modified_gmt":"2024-01-04T20:59:55","slug":"solucoes-prevencao-lavagem-dinheiro-en","status":"publish","type":"page","link":"https:\/\/gif.salsanova.cloud\/index.php\/solucoes-prevencao-lavagem-dinheiro-en\/","title":{"rendered":"Solu\u00e7\u00f5es Preven\u00e7\u00e3o lavagem dinheiro EN"},"content":{"rendered":"\t\t<div data-elementor-type=\"wp-page\" data-elementor-id=\"3175\" class=\"elementor elementor-3175\" data-elementor-post-type=\"page\">\n\t\t\t\t\t\t\t<div class=\"elementor-element elementor-element-3bcfd3d elementor-hidden-tablet elementor-hidden-mobile animated-slow e-flex e-con-boxed elementor-invisible e-con e-parent\" data-id=\"3bcfd3d\" data-element_type=\"container\" data-settings=\"{&quot;animation&quot;:&quot;fadeInUp&quot;,&quot;content_width&quot;:&quot;boxed&quot;}\" data-core-v316-plus=\"true\">\n\t\t\t\t\t<div class=\"e-con-inner\">\n\t\t<div class=\"elementor-element elementor-element-b9197b1 e-con-full e-flex e-con e-child\" data-id=\"b9197b1\" data-element_type=\"container\" data-settings=\"{&quot;content_width&quot;:&quot;full&quot;}\">\n\t\t\t\t<div class=\"elementor-element elementor-element-63c7803 elementor-widget elementor-widget-image\" data-id=\"63c7803\" data-element_type=\"widget\" data-widget_type=\"image.default\">\n\t\t\t\t<div class=\"elementor-widget-container\">\n\t\t\t<style>\/*! elementor - v3.16.0 - 09-10-2023 *\/\n.elementor-widget-image{text-align:center}.elementor-widget-image a{display:inline-block}.elementor-widget-image a img[src$=\".svg\"]{width:48px}.elementor-widget-image img{vertical-align:middle;display:inline-block}<\/style>\t\t\t\t\t\t\t\t\t\t\t\t<img decoding=\"async\" loading=\"lazy\" width=\"52\" height=\"94\" src=\"https:\/\/gif.salsanova.cloud\/wp-content\/uploads\/2023\/10\/Caminho-995.png\" class=\"attachment-full size-full wp-image-337\" alt=\"\" \/>\t\t\t\t\t\t\t\t\t\t\t\t\t\t\t<\/div>\n\t\t\t\t<\/div>\n\t\t\t\t<\/div>\n\t\t<div class=\"elementor-element elementor-element-c7dcaa8 e-con-full e-flex e-con e-child\" data-id=\"c7dcaa8\" data-element_type=\"container\" data-settings=\"{&quot;content_width&quot;:&quot;full&quot;}\">\n\t\t\t\t<div class=\"elementor-element elementor-element-d7f43ba gif elementor-widget elementor-widget-text-editor\" data-id=\"d7f43ba\" data-element_type=\"widget\" data-widget_type=\"text-editor.default\">\n\t\t\t\t<div class=\"elementor-widget-container\">\n\t\t\t<style>\/*! elementor - v3.16.0 - 09-10-2023 *\/\n.elementor-widget-text-editor.elementor-drop-cap-view-stacked .elementor-drop-cap{background-color:#69727d;color:#fff}.elementor-widget-text-editor.elementor-drop-cap-view-framed .elementor-drop-cap{color:#69727d;border:3px solid;background-color:transparent}.elementor-widget-text-editor:not(.elementor-drop-cap-view-default) .elementor-drop-cap{margin-top:8px}.elementor-widget-text-editor:not(.elementor-drop-cap-view-default) .elementor-drop-cap-letter{width:1em;height:1em}.elementor-widget-text-editor .elementor-drop-cap{float:left;text-align:center;line-height:1;font-size:50px}.elementor-widget-text-editor .elementor-drop-cap-letter{display:inline-block}<\/style>\t\t\t\t<p>SOLUTIONS<\/p>\t\t\t\t\t\t<\/div>\n\t\t\t\t<\/div>\n\t\t\t\t<div class=\"elementor-element elementor-element-cfdc19f gif elementor-widget elementor-widget-heading\" data-id=\"cfdc19f\" data-element_type=\"widget\" data-widget_type=\"heading.default\">\n\t\t\t\t<div class=\"elementor-widget-container\">\n\t\t\t<style>\/*! elementor - v3.16.0 - 09-10-2023 *\/\n.elementor-heading-title{padding:0;margin:0;line-height:1}.elementor-widget-heading .elementor-heading-title[class*=elementor-size-]>a{color:inherit;font-size:inherit;line-height:inherit}.elementor-widget-heading .elementor-heading-title.elementor-size-small{font-size:15px}.elementor-widget-heading .elementor-heading-title.elementor-size-medium{font-size:19px}.elementor-widget-heading .elementor-heading-title.elementor-size-large{font-size:29px}.elementor-widget-heading .elementor-heading-title.elementor-size-xl{font-size:39px}.elementor-widget-heading .elementor-heading-title.elementor-size-xxl{font-size:59px}<\/style><h2 class=\"elementor-heading-title elementor-size-default\">Money Laundering <\/h2>\t\t<\/div>\n\t\t\t\t<\/div>\n\t\t\t\t<\/div>\n\t\t\t\t\t<\/div>\n\t\t\t\t<\/div>\n\t\t<div class=\"elementor-element elementor-element-90e44e4 elementor-hidden-desktop e-con-full e-flex e-con e-parent\" data-id=\"90e44e4\" data-element_type=\"container\" data-settings=\"{&quot;content_width&quot;:&quot;full&quot;,&quot;animation_mobile&quot;:&quot;fadeInUp&quot;}\" data-core-v316-plus=\"true\">\n\t\t<div class=\"elementor-element elementor-element-f88b786 e-con-full e-flex e-con e-child\" data-id=\"f88b786\" data-element_type=\"container\" data-settings=\"{&quot;content_width&quot;:&quot;full&quot;}\">\n\t\t\t\t<div class=\"elementor-element elementor-element-2156889 elementor-widget elementor-widget-image\" data-id=\"2156889\" data-element_type=\"widget\" data-widget_type=\"image.default\">\n\t\t\t\t<div class=\"elementor-widget-container\">\n\t\t\t\t\t\t\t\t\t\t\t\t\t\t\t<img decoding=\"async\" loading=\"lazy\" width=\"52\" height=\"94\" src=\"https:\/\/gif.salsanova.cloud\/wp-content\/uploads\/2023\/10\/Caminho-995.png\" class=\"attachment-full size-full wp-image-337\" alt=\"\" \/>\t\t\t\t\t\t\t\t\t\t\t\t\t\t\t<\/div>\n\t\t\t\t<\/div>\n\t\t\t\t<\/div>\n\t\t<div class=\"elementor-element elementor-element-674c1b7 e-con-full e-flex e-con e-child\" data-id=\"674c1b7\" data-element_type=\"container\" data-settings=\"{&quot;content_width&quot;:&quot;full&quot;}\">\n\t\t\t\t<div class=\"elementor-element elementor-element-1c6800b gif elementor-widget elementor-widget-text-editor\" data-id=\"1c6800b\" data-element_type=\"widget\" data-widget_type=\"text-editor.default\">\n\t\t\t\t<div class=\"elementor-widget-container\">\n\t\t\t\t\t\t\t<p>SOLUTIONS<\/p>\t\t\t\t\t\t<\/div>\n\t\t\t\t<\/div>\n\t\t\t\t<div class=\"elementor-element elementor-element-5172c65 gif elementor-widget elementor-widget-heading\" data-id=\"5172c65\" data-element_type=\"widget\" data-widget_type=\"heading.default\">\n\t\t\t\t<div class=\"elementor-widget-container\">\n\t\t\t<h2 class=\"elementor-heading-title elementor-size-default\">Money Laundering <\/h2>\t\t<\/div>\n\t\t\t\t<\/div>\n\t\t\t\t<\/div>\n\t\t\t\t<\/div>\n\t\t<div class=\"elementor-element elementor-element-b5fef0f elementor-hidden-tablet elementor-hidden-mobile animated-slow e-flex e-con-boxed elementor-invisible e-con e-parent\" data-id=\"b5fef0f\" data-element_type=\"container\" data-settings=\"{&quot;animation&quot;:&quot;fadeInUp&quot;,&quot;content_width&quot;:&quot;boxed&quot;}\" data-core-v316-plus=\"true\">\n\t\t\t\t\t<div class=\"e-con-inner\">\n\t\t<div class=\"elementor-element elementor-element-a0122e8 e-con-full e-flex e-con e-child\" data-id=\"a0122e8\" data-element_type=\"container\" data-settings=\"{&quot;content_width&quot;:&quot;full&quot;}\">\n\t\t\t\t<div class=\"elementor-element elementor-element-833d91a gif elementor-widget elementor-widget-text-editor\" data-id=\"833d91a\" data-element_type=\"widget\" data-widget_type=\"text-editor.default\">\n\t\t\t\t<div class=\"elementor-widget-container\">\n\t\t\t\t\t\t\t<p>Money laundering is a reality present in any business that deals with money, putting the reputation and integrity of companies at risk.<\/p>\t\t\t\t\t\t<\/div>\n\t\t\t\t<\/div>\n\t\t\t\t<div class=\"elementor-element elementor-element-9e6f9dd gif elementor-widget elementor-widget-text-editor\" data-id=\"9e6f9dd\" data-element_type=\"widget\" data-widget_type=\"text-editor.default\">\n\t\t\t\t<div class=\"elementor-widget-container\">\n\t\t\t\t\t\t\t<p>Our specialized consultancy offers meticulous financial analysis, implements robust policies, and builds an efficient Know Your Customer (KYC) process. We help your company develop customized workflows, with risk rules aligned to your business needs.<\/p>\t\t\t\t\t\t<\/div>\n\t\t\t\t<\/div>\n\t\t\t\t<div class=\"elementor-element elementor-element-44fd9a9 gif elementor-widget elementor-widget-text-editor\" data-id=\"44fd9a9\" data-element_type=\"widget\" data-widget_type=\"text-editor.default\">\n\t\t\t\t<div class=\"elementor-widget-container\">\n\t\t\t\t\t\t\t<p>We also train your employees to identify suspicious activities and to understand applicable laws and regulations, ensuring that your company complies with all legal obligations.<\/p>\t\t\t\t\t\t<\/div>\n\t\t\t\t<\/div>\n\t\t\t\t<\/div>\n\t\t<div class=\"elementor-element elementor-element-475eb6a e-con-full e-flex e-con e-child\" data-id=\"475eb6a\" data-element_type=\"container\" data-settings=\"{&quot;content_width&quot;:&quot;full&quot;}\">\n\t\t\t\t<div class=\"elementor-element elementor-element-1f8d251 elementor-widget elementor-widget-html\" data-id=\"1f8d251\" data-element_type=\"widget\" data-widget_type=\"html.default\">\n\t\t\t\t<div class=\"elementor-widget-container\">\n\t\t\t<style>\n    .gif h2, .gif a, .gif p, .gif span, .gif h3, .gif {\n        font-family: museo-sans !important;\n    }\n    \n    .fade:hover {\n        transition-delay: 0.5s !important;\n    \n<\/style>\t\t<\/div>\n\t\t\t\t<\/div>\n\t\t\t\t<\/div>\n\t\t\t\t\t<\/div>\n\t\t\t\t<\/div>\n\t\t<div class=\"elementor-element elementor-element-d160b53 elementor-hidden-desktop e-con-full e-flex e-con e-parent\" data-id=\"d160b53\" data-element_type=\"container\" data-settings=\"{&quot;content_width&quot;:&quot;full&quot;,&quot;animation_mobile&quot;:&quot;fadeInUp&quot;}\" data-core-v316-plus=\"true\">\n\t\t<div class=\"elementor-element elementor-element-9f7bf8a e-con-full e-flex e-con e-child\" data-id=\"9f7bf8a\" data-element_type=\"container\" data-settings=\"{&quot;content_width&quot;:&quot;full&quot;}\">\n\t\t\t\t<div class=\"elementor-element elementor-element-32eb46f gif elementor-widget elementor-widget-text-editor\" data-id=\"32eb46f\" data-element_type=\"widget\" data-widget_type=\"text-editor.default\">\n\t\t\t\t<div class=\"elementor-widget-container\">\n\t\t\t\t\t\t\t<p>Money laundering is a reality present in any business that deals with money, putting the reputation and integrity of companies at risk.<\/p>\t\t\t\t\t\t<\/div>\n\t\t\t\t<\/div>\n\t\t\t\t<div class=\"elementor-element elementor-element-5757d7f gif elementor-widget elementor-widget-text-editor\" data-id=\"5757d7f\" data-element_type=\"widget\" data-widget_type=\"text-editor.default\">\n\t\t\t\t<div class=\"elementor-widget-container\">\n\t\t\t\t\t\t\t<p>Our specialized consultancy offers meticulous financial analysis, implements robust policies, and builds an efficient Know Your Customer (KYC) process. We help your company develop customized workflows, with risk rules aligned to your business needs.<\/p>\t\t\t\t\t\t<\/div>\n\t\t\t\t<\/div>\n\t\t\t\t<div class=\"elementor-element elementor-element-92197be gif elementor-widget elementor-widget-text-editor\" data-id=\"92197be\" data-element_type=\"widget\" data-widget_type=\"text-editor.default\">\n\t\t\t\t<div class=\"elementor-widget-container\">\n\t\t\t\t\t\t\t<p>We also train your employees to identify suspicious activities and to understand applicable laws and regulations, ensuring that your company complies with all legal obligations.<\/p>\t\t\t\t\t\t<\/div>\n\t\t\t\t<\/div>\n\t\t\t\t<\/div>\n\t\t<div class=\"elementor-element elementor-element-b661e0e e-con-full e-flex e-con e-child\" data-id=\"b661e0e\" data-element_type=\"container\" data-settings=\"{&quot;content_width&quot;:&quot;full&quot;}\">\n\t\t\t\t<div class=\"elementor-element elementor-element-94b7456 elementor-widget elementor-widget-html\" data-id=\"94b7456\" data-element_type=\"widget\" data-widget_type=\"html.default\">\n\t\t\t\t<div class=\"elementor-widget-container\">\n\t\t\t<style>\n    .gif h2, .gif a, .gif p, .gif span, .gif h3, .gif {\n        font-family: museo-sans !important;\n    }\n    \n    .fade:hover {\n        transition-delay: 0.5s !important;\n    \n<\/style>\t\t<\/div>\n\t\t\t\t<\/div>\n\t\t\t\t<\/div>\n\t\t\t\t<\/div>\n\t\t<div class=\"elementor-element elementor-element-83d3fd7 elementor-hidden-tablet elementor-hidden-mobile animated-slow e-flex e-con-boxed elementor-invisible e-con e-parent\" data-id=\"83d3fd7\" data-element_type=\"container\" data-settings=\"{&quot;animation&quot;:&quot;fadeInUp&quot;,&quot;content_width&quot;:&quot;boxed&quot;}\" data-core-v316-plus=\"true\">\n\t\t\t\t\t<div class=\"e-con-inner\">\n\t\t<div class=\"elementor-element elementor-element-e4b308a e-con-full e-flex e-con e-child\" data-id=\"e4b308a\" data-element_type=\"container\" data-settings=\"{&quot;content_width&quot;:&quot;full&quot;}\">\n\t\t\t\t<\/div>\n\t\t<div class=\"elementor-element elementor-element-6176ccb e-con-full e-flex e-con e-child\" data-id=\"6176ccb\" data-element_type=\"container\" data-settings=\"{&quot;content_width&quot;:&quot;full&quot;}\">\n\t\t\t\t<div class=\"elementor-element elementor-element-d3685a6 gif elementor-widget elementor-widget-text-editor\" data-id=\"d3685a6\" data-element_type=\"widget\" data-widget_type=\"text-editor.default\">\n\t\t\t\t<div class=\"elementor-widget-container\">\n\t\t\t\t\t\t\t<p>Protect your business with our expertise in money laundering and ensure your company\u2019s reputation, integrity, and longevity.<\/p>\t\t\t\t\t\t<\/div>\n\t\t\t\t<\/div>\n\t\t\t\t<\/div>\n\t\t<div class=\"elementor-element elementor-element-6671c2b e-con-full e-flex e-con e-child\" data-id=\"6671c2b\" data-element_type=\"container\" data-settings=\"{&quot;content_width&quot;:&quot;full&quot;}\">\n\t\t\t\t<\/div>\n\t\t\t\t\t<\/div>\n\t\t\t\t<\/div>\n\t\t<div class=\"elementor-element elementor-element-ad789a3 elementor-hidden-desktop e-con-full e-flex e-con e-parent\" data-id=\"ad789a3\" data-element_type=\"container\" data-settings=\"{&quot;content_width&quot;:&quot;full&quot;,&quot;animation_mobile&quot;:&quot;fadeInUp&quot;}\" data-core-v316-plus=\"true\">\n\t\t<div class=\"elementor-element elementor-element-7e70e3e e-con-full e-flex e-con e-child\" data-id=\"7e70e3e\" data-element_type=\"container\" data-settings=\"{&quot;content_width&quot;:&quot;full&quot;}\">\n\t\t\t\t<\/div>\n\t\t<div class=\"elementor-element elementor-element-2d5da5f e-con-full e-flex e-con e-child\" data-id=\"2d5da5f\" data-element_type=\"container\" data-settings=\"{&quot;content_width&quot;:&quot;full&quot;}\">\n\t\t\t\t<div class=\"elementor-element elementor-element-5eec7c1 gif elementor-widget elementor-widget-text-editor\" data-id=\"5eec7c1\" data-element_type=\"widget\" data-widget_type=\"text-editor.default\">\n\t\t\t\t<div class=\"elementor-widget-container\">\n\t\t\t\t\t\t\t<p>Protect your business with our expertise in money laundering and ensure your company\u2019s reputation, integrity, and longevity.<\/p>\t\t\t\t\t\t<\/div>\n\t\t\t\t<\/div>\n\t\t\t\t<\/div>\n\t\t<div class=\"elementor-element elementor-element-5f2e429 e-con-full e-flex e-con e-child\" data-id=\"5f2e429\" data-element_type=\"container\" data-settings=\"{&quot;content_width&quot;:&quot;full&quot;}\">\n\t\t\t\t<\/div>\n\t\t\t\t<\/div>\n\t\t\t\t\t\t\t<\/div>\n\t\t","protected":false},"excerpt":{"rendered":"<p>SOLUTIONS Money Laundering SOLUTIONS Money Laundering Money laundering is a reality present in any business that deals with money, putting the reputation and integrity of companies at risk. Our specialized consultancy offers meticulous financial analysis, implements robust policies, and builds an efficient Know Your Customer (KYC) process. We help your company develop customized workflows, with [&hellip;]<\/p>\n","protected":false},"author":2,"featured_media":0,"parent":0,"menu_order":0,"comment_status":"closed","ping_status":"closed","template":"elementor_header_footer","meta":{"footnotes":""},"_links":{"self":[{"href":"https:\/\/gif.salsanova.cloud\/index.php\/wp-json\/wp\/v2\/pages\/3175"}],"collection":[{"href":"https:\/\/gif.salsanova.cloud\/index.php\/wp-json\/wp\/v2\/pages"}],"about":[{"href":"https:\/\/gif.salsanova.cloud\/index.php\/wp-json\/wp\/v2\/types\/page"}],"author":[{"embeddable":true,"href":"https:\/\/gif.salsanova.cloud\/index.php\/wp-json\/wp\/v2\/users\/2"}],"replies":[{"embeddable":true,"href":"https:\/\/gif.salsanova.cloud\/index.php\/wp-json\/wp\/v2\/comments?post=3175"}],"version-history":[{"count":13,"href":"https:\/\/gif.salsanova.cloud\/index.php\/wp-json\/wp\/v2\/pages\/3175\/revisions"}],"predecessor-version":[{"id":4309,"href":"https:\/\/gif.salsanova.cloud\/index.php\/wp-json\/wp\/v2\/pages\/3175\/revisions\/4309"}],"wp:attachment":[{"href":"https:\/\/gif.salsanova.cloud\/index.php\/wp-json\/wp\/v2\/media?parent=3175"}],"curies":[{"name":"wp","href":"https:\/\/api.w.org\/{rel}","templated":true}]}}