{"id":350,"date":"2023-10-26T21:49:18","date_gmt":"2023-10-27T00:49:18","guid":{"rendered":"https:\/\/gif.salsanova.cloud\/?page_id=350"},"modified":"2024-01-04T18:01:03","modified_gmt":"2024-01-04T21:01:03","slug":"solucoes-risk-assessment","status":"publish","type":"page","link":"https:\/\/gif.salsanova.cloud\/index.php\/solucoes-risk-assessment\/","title":{"rendered":"Solu\u00e7\u00f5es Risk assessment"},"content":{"rendered":"\t\t<div data-elementor-type=\"wp-page\" data-elementor-id=\"350\" class=\"elementor elementor-350\" data-elementor-post-type=\"page\">\n\t\t\t\t\t\t\t<div class=\"elementor-element elementor-element-3bcfd3d elementor-hidden-tablet elementor-hidden-mobile animated-slow e-flex e-con-boxed elementor-invisible e-con e-parent\" data-id=\"3bcfd3d\" data-element_type=\"container\" data-settings=\"{&quot;animation&quot;:&quot;fadeInUp&quot;,&quot;animation_delay&quot;:250,&quot;content_width&quot;:&quot;boxed&quot;}\" data-core-v316-plus=\"true\">\n\t\t\t\t\t<div class=\"e-con-inner\">\n\t\t<div class=\"elementor-element elementor-element-b9197b1 e-con-full e-flex e-con e-child\" data-id=\"b9197b1\" data-element_type=\"container\" data-settings=\"{&quot;content_width&quot;:&quot;full&quot;}\">\n\t\t\t\t<div class=\"elementor-element elementor-element-63c7803 elementor-widget elementor-widget-image\" data-id=\"63c7803\" data-element_type=\"widget\" data-widget_type=\"image.default\">\n\t\t\t\t<div class=\"elementor-widget-container\">\n\t\t\t<style>\/*! elementor - v3.16.0 - 09-10-2023 *\/\n.elementor-widget-image{text-align:center}.elementor-widget-image a{display:inline-block}.elementor-widget-image a img[src$=\".svg\"]{width:48px}.elementor-widget-image img{vertical-align:middle;display:inline-block}<\/style>\t\t\t\t\t\t\t\t\t\t\t\t<img decoding=\"async\" loading=\"lazy\" width=\"68\" height=\"94\" src=\"https:\/\/gif.salsanova.cloud\/wp-content\/uploads\/2023\/10\/Grupo-1625.png\" class=\"attachment-full size-full wp-image-352\" alt=\"\" \/>\t\t\t\t\t\t\t\t\t\t\t\t\t\t\t<\/div>\n\t\t\t\t<\/div>\n\t\t\t\t<\/div>\n\t\t<div class=\"elementor-element elementor-element-c7dcaa8 e-con-full e-flex e-con e-child\" data-id=\"c7dcaa8\" data-element_type=\"container\" data-settings=\"{&quot;content_width&quot;:&quot;full&quot;}\">\n\t\t\t\t<div class=\"elementor-element elementor-element-d7f43ba gif elementor-widget elementor-widget-text-editor\" data-id=\"d7f43ba\" data-element_type=\"widget\" data-widget_type=\"text-editor.default\">\n\t\t\t\t<div class=\"elementor-widget-container\">\n\t\t\t<style>\/*! elementor - v3.16.0 - 09-10-2023 *\/\n.elementor-widget-text-editor.elementor-drop-cap-view-stacked .elementor-drop-cap{background-color:#69727d;color:#fff}.elementor-widget-text-editor.elementor-drop-cap-view-framed .elementor-drop-cap{color:#69727d;border:3px solid;background-color:transparent}.elementor-widget-text-editor:not(.elementor-drop-cap-view-default) .elementor-drop-cap{margin-top:8px}.elementor-widget-text-editor:not(.elementor-drop-cap-view-default) .elementor-drop-cap-letter{width:1em;height:1em}.elementor-widget-text-editor .elementor-drop-cap{float:left;text-align:center;line-height:1;font-size:50px}.elementor-widget-text-editor .elementor-drop-cap-letter{display:inline-block}<\/style>\t\t\t\t<p>SOLU\u00c7\u00d5ES<\/p>\t\t\t\t\t\t<\/div>\n\t\t\t\t<\/div>\n\t\t\t\t<div class=\"elementor-element elementor-element-cfdc19f gif elementor-widget elementor-widget-heading\" data-id=\"cfdc19f\" data-element_type=\"widget\" data-widget_type=\"heading.default\">\n\t\t\t\t<div class=\"elementor-widget-container\">\n\t\t\t<style>\/*! elementor - v3.16.0 - 09-10-2023 *\/\n.elementor-heading-title{padding:0;margin:0;line-height:1}.elementor-widget-heading .elementor-heading-title[class*=elementor-size-]>a{color:inherit;font-size:inherit;line-height:inherit}.elementor-widget-heading .elementor-heading-title.elementor-size-small{font-size:15px}.elementor-widget-heading .elementor-heading-title.elementor-size-medium{font-size:19px}.elementor-widget-heading .elementor-heading-title.elementor-size-large{font-size:29px}.elementor-widget-heading .elementor-heading-title.elementor-size-xl{font-size:39px}.elementor-widget-heading .elementor-heading-title.elementor-size-xxl{font-size:59px}<\/style><h2 class=\"elementor-heading-title elementor-size-default\">Risk Assessment<\/h2>\t\t<\/div>\n\t\t\t\t<\/div>\n\t\t\t\t<\/div>\n\t\t\t\t\t<\/div>\n\t\t\t\t<\/div>\n\t\t<div class=\"elementor-element elementor-element-8bc3e84 elementor-hidden-desktop e-con-full e-flex e-con e-parent\" data-id=\"8bc3e84\" data-element_type=\"container\" data-settings=\"{&quot;content_width&quot;:&quot;full&quot;,&quot;animation_mobile&quot;:&quot;fadeInUp&quot;}\" data-core-v316-plus=\"true\">\n\t\t<div class=\"elementor-element elementor-element-a217fb0 e-con-full e-flex e-con e-child\" data-id=\"a217fb0\" data-element_type=\"container\" data-settings=\"{&quot;content_width&quot;:&quot;full&quot;}\">\n\t\t\t\t<div class=\"elementor-element elementor-element-5a3570e elementor-widget elementor-widget-image\" data-id=\"5a3570e\" data-element_type=\"widget\" data-widget_type=\"image.default\">\n\t\t\t\t<div class=\"elementor-widget-container\">\n\t\t\t\t\t\t\t\t\t\t\t\t\t\t\t<img decoding=\"async\" loading=\"lazy\" width=\"68\" height=\"94\" src=\"https:\/\/gif.salsanova.cloud\/wp-content\/uploads\/2023\/10\/Grupo-1625.png\" class=\"attachment-full size-full wp-image-352\" alt=\"\" \/>\t\t\t\t\t\t\t\t\t\t\t\t\t\t\t<\/div>\n\t\t\t\t<\/div>\n\t\t\t\t<\/div>\n\t\t<div class=\"elementor-element elementor-element-1287b5d e-con-full e-flex e-con e-child\" data-id=\"1287b5d\" data-element_type=\"container\" data-settings=\"{&quot;content_width&quot;:&quot;full&quot;}\">\n\t\t\t\t<div class=\"elementor-element elementor-element-e629795 gif elementor-widget elementor-widget-text-editor\" data-id=\"e629795\" data-element_type=\"widget\" data-widget_type=\"text-editor.default\">\n\t\t\t\t<div class=\"elementor-widget-container\">\n\t\t\t\t\t\t\t<p>SOLU\u00c7\u00d5ES<\/p>\t\t\t\t\t\t<\/div>\n\t\t\t\t<\/div>\n\t\t\t\t<div class=\"elementor-element elementor-element-c5997a6 gif elementor-widget elementor-widget-heading\" data-id=\"c5997a6\" data-element_type=\"widget\" data-widget_type=\"heading.default\">\n\t\t\t\t<div class=\"elementor-widget-container\">\n\t\t\t<h2 class=\"elementor-heading-title elementor-size-default\">Risk Assessment<\/h2>\t\t<\/div>\n\t\t\t\t<\/div>\n\t\t\t\t<\/div>\n\t\t\t\t<\/div>\n\t\t<div class=\"elementor-element elementor-element-b5fef0f elementor-hidden-tablet elementor-hidden-mobile animated-slow e-flex e-con-boxed elementor-invisible e-con e-parent\" data-id=\"b5fef0f\" data-element_type=\"container\" data-settings=\"{&quot;animation&quot;:&quot;fadeInUp&quot;,&quot;animation_delay&quot;:250,&quot;content_width&quot;:&quot;boxed&quot;}\" data-core-v316-plus=\"true\">\n\t\t\t\t\t<div class=\"e-con-inner\">\n\t\t<div class=\"elementor-element elementor-element-a0122e8 e-con-full e-flex e-con e-child\" data-id=\"a0122e8\" data-element_type=\"container\" data-settings=\"{&quot;content_width&quot;:&quot;full&quot;}\">\n\t\t\t\t<div class=\"elementor-element elementor-element-833d91a gif elementor-widget elementor-widget-text-editor\" data-id=\"833d91a\" data-element_type=\"widget\" data-widget_type=\"text-editor.default\">\n\t\t\t\t<div class=\"elementor-widget-container\">\n\t\t\t\t\t\t\t<p>Reconhecemos que uma gest\u00e3o eficiente de riscos \u00e9 essencial para assegurar a sustentabilidade do seu neg\u00f3cio.<\/p>\t\t\t\t\t\t<\/div>\n\t\t\t\t<\/div>\n\t\t\t\t<div class=\"elementor-element elementor-element-9e6f9dd gif elementor-widget elementor-widget-text-editor\" data-id=\"9e6f9dd\" data-element_type=\"widget\" data-widget_type=\"text-editor.default\">\n\t\t\t\t<div class=\"elementor-widget-container\">\n\t\t\t\t\t\t\t<p>Na GIF, realizamos an\u00e1lises minuciosas para identificar, avaliar e controlar os riscos e amea\u00e7as que podem afetar o patrim\u00f4nio de nossos clientes.<\/p>\t\t\t\t\t\t<\/div>\n\t\t\t\t<\/div>\n\t\t\t\t<div class=\"elementor-element elementor-element-44fd9a9 gif elementor-widget elementor-widget-text-editor\" data-id=\"44fd9a9\" data-element_type=\"widget\" data-widget_type=\"text-editor.default\">\n\t\t\t\t<div class=\"elementor-widget-container\">\n\t\t\t\t\t\t\t<p>Com base em uma metodologia s\u00f3lida de gest\u00e3o de riscos corporativos, desenvolvemos propostas abrangentes para tratar e mitigar os riscos identificados, fornecendo recomenda\u00e7\u00f5es estrat\u00e9gicas para melhorias.\u00a0<\/p>\t\t\t\t\t\t<\/div>\n\t\t\t\t<\/div>\n\t\t\t\t<div class=\"elementor-element elementor-element-960f851 gif elementor-widget elementor-widget-text-editor\" data-id=\"960f851\" data-element_type=\"widget\" data-widget_type=\"text-editor.default\">\n\t\t\t\t<div class=\"elementor-widget-container\">\n\t\t\t\t\t\t\t<p>Nossos profissionais possuem certifica\u00e7\u00f5es reconhecidas internacionalmente e est\u00e3o comprometidos em aplicar os ensinamentos de padr\u00f5es globais e as melhores pr\u00e1ticas do mercado em suas atividades di\u00e1rias.<\/p>\t\t\t\t\t\t<\/div>\n\t\t\t\t<\/div>\n\t\t\t\t<\/div>\n\t\t<div class=\"elementor-element elementor-element-475eb6a e-con-full e-flex e-con e-child\" data-id=\"475eb6a\" data-element_type=\"container\" data-settings=\"{&quot;content_width&quot;:&quot;full&quot;}\">\n\t\t\t\t<div class=\"elementor-element elementor-element-1f8d251 elementor-widget elementor-widget-html\" data-id=\"1f8d251\" data-element_type=\"widget\" data-widget_type=\"html.default\">\n\t\t\t\t<div class=\"elementor-widget-container\">\n\t\t\t<style>\n    .gif h2, .gif a, .gif p, .gif span, .gif h3, .gif {\n        font-family: museo-sans !important;\n    }\n    \n    .fade:hover {\n        transition-delay: 0.5s !important;\n    \n<\/style>\t\t<\/div>\n\t\t\t\t<\/div>\n\t\t\t\t<\/div>\n\t\t\t\t\t<\/div>\n\t\t\t\t<\/div>\n\t\t<div class=\"elementor-element elementor-element-27addd2 elementor-hidden-desktop e-con-full e-flex e-con e-parent\" data-id=\"27addd2\" data-element_type=\"container\" data-settings=\"{&quot;content_width&quot;:&quot;full&quot;,&quot;animation_mobile&quot;:&quot;fadeInUp&quot;}\" data-core-v316-plus=\"true\">\n\t\t<div class=\"elementor-element elementor-element-095e8cb e-con-full e-flex e-con e-child\" data-id=\"095e8cb\" data-element_type=\"container\" data-settings=\"{&quot;content_width&quot;:&quot;full&quot;}\">\n\t\t\t\t<div class=\"elementor-element elementor-element-3047e83 gif elementor-widget elementor-widget-text-editor\" data-id=\"3047e83\" data-element_type=\"widget\" data-widget_type=\"text-editor.default\">\n\t\t\t\t<div class=\"elementor-widget-container\">\n\t\t\t\t\t\t\t<p>Reconhecemos que uma gest\u00e3o eficiente de riscos \u00e9 essencial para assegurar a sustentabilidade do seu neg\u00f3cio.<\/p>\t\t\t\t\t\t<\/div>\n\t\t\t\t<\/div>\n\t\t\t\t<div class=\"elementor-element elementor-element-a1e20d3 gif elementor-widget elementor-widget-text-editor\" data-id=\"a1e20d3\" data-element_type=\"widget\" data-widget_type=\"text-editor.default\">\n\t\t\t\t<div class=\"elementor-widget-container\">\n\t\t\t\t\t\t\t<p>Na GIF, realizamos an\u00e1lises minuciosas para identificar, avaliar e controlar os riscos e amea\u00e7as que podem afetar o patrim\u00f4nio de nossos clientes.<\/p>\t\t\t\t\t\t<\/div>\n\t\t\t\t<\/div>\n\t\t\t\t<div class=\"elementor-element elementor-element-8bd0ca3 gif elementor-widget elementor-widget-text-editor\" data-id=\"8bd0ca3\" data-element_type=\"widget\" data-widget_type=\"text-editor.default\">\n\t\t\t\t<div class=\"elementor-widget-container\">\n\t\t\t\t\t\t\t<p>Com base em uma metodologia s\u00f3lida de gest\u00e3o de riscos corporativos, desenvolvemos propostas abrangentes para tratar e mitigar os riscos identificados, fornecendo recomenda\u00e7\u00f5es estrat\u00e9gicas para melhorias.\u00a0<\/p>\t\t\t\t\t\t<\/div>\n\t\t\t\t<\/div>\n\t\t\t\t<div class=\"elementor-element elementor-element-3cb2162 gif elementor-widget elementor-widget-text-editor\" data-id=\"3cb2162\" data-element_type=\"widget\" data-widget_type=\"text-editor.default\">\n\t\t\t\t<div class=\"elementor-widget-container\">\n\t\t\t\t\t\t\t<p>Nossos profissionais possuem certifica\u00e7\u00f5es reconhecidas internacionalmente e est\u00e3o comprometidos em aplicar os ensinamentos de padr\u00f5es globais e as melhores pr\u00e1ticas do mercado em suas atividades di\u00e1rias.<\/p>\t\t\t\t\t\t<\/div>\n\t\t\t\t<\/div>\n\t\t\t\t<\/div>\n\t\t<div class=\"elementor-element elementor-element-1e5f4f5 e-con-full e-flex e-con e-child\" data-id=\"1e5f4f5\" data-element_type=\"container\" data-settings=\"{&quot;content_width&quot;:&quot;full&quot;}\">\n\t\t\t\t<div class=\"elementor-element elementor-element-6ae82e9 elementor-widget elementor-widget-html\" data-id=\"6ae82e9\" data-element_type=\"widget\" data-widget_type=\"html.default\">\n\t\t\t\t<div class=\"elementor-widget-container\">\n\t\t\t<style>\n    .gif h2, .gif a, .gif p, .gif span, .gif h3, .gif {\n        font-family: museo-sans !important;\n    }\n    \n    .fade:hover {\n        transition-delay: 0.5s !important;\n    \n<\/style>\t\t<\/div>\n\t\t\t\t<\/div>\n\t\t\t\t<\/div>\n\t\t\t\t<\/div>\n\t\t<div class=\"elementor-element elementor-element-83d3fd7 elementor-hidden-tablet elementor-hidden-mobile animated-slow e-flex e-con-boxed elementor-invisible e-con e-parent\" data-id=\"83d3fd7\" data-element_type=\"container\" data-settings=\"{&quot;animation&quot;:&quot;fadeInUp&quot;,&quot;animation_delay&quot;:750,&quot;content_width&quot;:&quot;boxed&quot;}\" data-core-v316-plus=\"true\">\n\t\t\t\t\t<div class=\"e-con-inner\">\n\t\t<div class=\"elementor-element elementor-element-e4b308a e-con-full e-flex e-con e-child\" data-id=\"e4b308a\" data-element_type=\"container\" data-settings=\"{&quot;content_width&quot;:&quot;full&quot;}\">\n\t\t\t\t<\/div>\n\t\t<div class=\"elementor-element elementor-element-6176ccb e-con-full e-flex e-con e-child\" data-id=\"6176ccb\" data-element_type=\"container\" data-settings=\"{&quot;content_width&quot;:&quot;full&quot;}\">\n\t\t\t\t<div class=\"elementor-element elementor-element-d3685a6 gif elementor-widget elementor-widget-text-editor\" data-id=\"d3685a6\" data-element_type=\"widget\" data-widget_type=\"text-editor.default\">\n\t\t\t\t<div class=\"elementor-widget-container\">\n\t\t\t\t\t\t\t<p>Somos especialistas em an\u00e1lises de riscos corporativos, dedicados a proteger as receitas de nossos clientes. Conte com a GIF!<\/p>\t\t\t\t\t\t<\/div>\n\t\t\t\t<\/div>\n\t\t\t\t<\/div>\n\t\t<div class=\"elementor-element elementor-element-6671c2b e-con-full e-flex e-con e-child\" data-id=\"6671c2b\" data-element_type=\"container\" data-settings=\"{&quot;content_width&quot;:&quot;full&quot;}\">\n\t\t\t\t<\/div>\n\t\t\t\t\t<\/div>\n\t\t\t\t<\/div>\n\t\t<div class=\"elementor-element elementor-element-19b0c6e elementor-hidden-desktop e-con-full e-flex e-con e-parent\" data-id=\"19b0c6e\" data-element_type=\"container\" data-settings=\"{&quot;content_width&quot;:&quot;full&quot;,&quot;animation_mobile&quot;:&quot;fadeInUp&quot;}\" data-core-v316-plus=\"true\">\n\t\t<div class=\"elementor-element elementor-element-e43a91f e-con-full e-flex e-con e-child\" data-id=\"e43a91f\" data-element_type=\"container\" data-settings=\"{&quot;content_width&quot;:&quot;full&quot;}\">\n\t\t\t\t<\/div>\n\t\t<div class=\"elementor-element elementor-element-03280e9 e-con-full e-flex e-con e-child\" data-id=\"03280e9\" data-element_type=\"container\" data-settings=\"{&quot;content_width&quot;:&quot;full&quot;}\">\n\t\t\t\t<div class=\"elementor-element elementor-element-48a87ae gif elementor-widget elementor-widget-text-editor\" data-id=\"48a87ae\" data-element_type=\"widget\" data-widget_type=\"text-editor.default\">\n\t\t\t\t<div class=\"elementor-widget-container\">\n\t\t\t\t\t\t\t<p>Somos especialistas em an\u00e1lises de riscos corporativos, dedicados a proteger as receitas de nossos clientes. Conte com a GIF!<\/p>\t\t\t\t\t\t<\/div>\n\t\t\t\t<\/div>\n\t\t\t\t<\/div>\n\t\t<div class=\"elementor-element elementor-element-c374a91 e-con-full e-flex e-con e-child\" data-id=\"c374a91\" data-element_type=\"container\" data-settings=\"{&quot;content_width&quot;:&quot;full&quot;}\">\n\t\t\t\t<\/div>\n\t\t\t\t<\/div>\n\t\t\t\t\t\t\t<\/div>\n\t\t","protected":false},"excerpt":{"rendered":"<p>SOLU\u00c7\u00d5ES Risk Assessment SOLU\u00c7\u00d5ES Risk Assessment Reconhecemos que uma gest\u00e3o eficiente de riscos \u00e9 essencial para assegurar a sustentabilidade do seu neg\u00f3cio. Na GIF, realizamos an\u00e1lises minuciosas para identificar, avaliar e controlar os riscos e amea\u00e7as que podem afetar o patrim\u00f4nio de nossos clientes. Com base em uma metodologia s\u00f3lida de gest\u00e3o de riscos corporativos, [&hellip;]<\/p>\n","protected":false},"author":1,"featured_media":0,"parent":0,"menu_order":0,"comment_status":"closed","ping_status":"closed","template":"elementor_header_footer","meta":{"footnotes":""},"_links":{"self":[{"href":"https:\/\/gif.salsanova.cloud\/index.php\/wp-json\/wp\/v2\/pages\/350"}],"collection":[{"href":"https:\/\/gif.salsanova.cloud\/index.php\/wp-json\/wp\/v2\/pages"}],"about":[{"href":"https:\/\/gif.salsanova.cloud\/index.php\/wp-json\/wp\/v2\/types\/page"}],"author":[{"embeddable":true,"href":"https:\/\/gif.salsanova.cloud\/index.php\/wp-json\/wp\/v2\/users\/1"}],"replies":[{"embeddable":true,"href":"https:\/\/gif.salsanova.cloud\/index.php\/wp-json\/wp\/v2\/comments?post=350"}],"version-history":[{"count":95,"href":"https:\/\/gif.salsanova.cloud\/index.php\/wp-json\/wp\/v2\/pages\/350\/revisions"}],"predecessor-version":[{"id":4315,"href":"https:\/\/gif.salsanova.cloud\/index.php\/wp-json\/wp\/v2\/pages\/350\/revisions\/4315"}],"wp:attachment":[{"href":"https:\/\/gif.salsanova.cloud\/index.php\/wp-json\/wp\/v2\/media?parent=350"}],"curies":[{"name":"wp","href":"https:\/\/api.w.org\/{rel}","templated":true}]}}