{"id":373,"date":"2023-10-27T02:45:28","date_gmt":"2023-10-27T05:45:28","guid":{"rendered":"https:\/\/gif.salsanova.cloud\/?page_id=373"},"modified":"2024-01-04T17:12:28","modified_gmt":"2024-01-04T20:12:28","slug":"por-que-contratar","status":"publish","type":"page","link":"https:\/\/gif.salsanova.cloud\/index.php\/por-que-contratar\/","title":{"rendered":"Por que contratar"},"content":{"rendered":"\t\t<div data-elementor-type=\"wp-page\" data-elementor-id=\"373\" class=\"elementor elementor-373\" data-elementor-post-type=\"page\">\n\t\t\t\t\t\t\t<div class=\"elementor-element elementor-element-5fe4463 elementor-hidden-tablet elementor-hidden-mobile animated-slow e-flex e-con-boxed elementor-invisible e-con e-parent\" data-id=\"5fe4463\" data-element_type=\"container\" data-settings=\"{&quot;animation&quot;:&quot;fadeInUp&quot;,&quot;content_width&quot;:&quot;boxed&quot;}\" data-core-v316-plus=\"true\">\n\t\t\t\t\t<div class=\"e-con-inner\">\n\t\t<div class=\"elementor-element elementor-element-3c7e581 e-con-full e-flex e-con e-child\" data-id=\"3c7e581\" data-element_type=\"container\" data-settings=\"{&quot;content_width&quot;:&quot;full&quot;}\">\n\t\t\t\t<div class=\"elementor-element elementor-element-135fe16 gif elementor-widget elementor-widget-heading\" data-id=\"135fe16\" data-element_type=\"widget\" data-widget_type=\"heading.default\">\n\t\t\t\t<div class=\"elementor-widget-container\">\n\t\t\t<style>\/*! elementor - v3.16.0 - 09-10-2023 *\/\n.elementor-heading-title{padding:0;margin:0;line-height:1}.elementor-widget-heading .elementor-heading-title[class*=elementor-size-]>a{color:inherit;font-size:inherit;line-height:inherit}.elementor-widget-heading .elementor-heading-title.elementor-size-small{font-size:15px}.elementor-widget-heading .elementor-heading-title.elementor-size-medium{font-size:19px}.elementor-widget-heading .elementor-heading-title.elementor-size-large{font-size:29px}.elementor-widget-heading .elementor-heading-title.elementor-size-xl{font-size:39px}.elementor-widget-heading .elementor-heading-title.elementor-size-xxl{font-size:59px}<\/style><h2 class=\"elementor-heading-title elementor-size-default\">Por que <\/h2>\t\t<\/div>\n\t\t\t\t<\/div>\n\t\t\t\t<div class=\"elementor-element elementor-element-d481c27 gif elementor-widget elementor-widget-heading\" data-id=\"d481c27\" data-element_type=\"widget\" data-widget_type=\"heading.default\">\n\t\t\t\t<div class=\"elementor-widget-container\">\n\t\t\t<h2 class=\"elementor-heading-title elementor-size-default\">contratar?<\/h2>\t\t<\/div>\n\t\t\t\t<\/div>\n\t\t\t\t<div class=\"elementor-element elementor-element-b60babb elementor-widget elementor-widget-image\" data-id=\"b60babb\" data-element_type=\"widget\" data-widget_type=\"image.default\">\n\t\t\t\t<div class=\"elementor-widget-container\">\n\t\t\t<style>\/*! elementor - v3.16.0 - 09-10-2023 *\/\n.elementor-widget-image{text-align:center}.elementor-widget-image a{display:inline-block}.elementor-widget-image a img[src$=\".svg\"]{width:48px}.elementor-widget-image img{vertical-align:middle;display:inline-block}<\/style>\t\t\t\t\t\t\t\t\t\t\t\t<img decoding=\"async\" loading=\"lazy\" width=\"143\" height=\"8\" src=\"https:\/\/gif.salsanova.cloud\/wp-content\/uploads\/2023\/10\/divisor.png\" class=\"attachment-large size-large wp-image-25\" alt=\"\" \/>\t\t\t\t\t\t\t\t\t\t\t\t\t\t\t<\/div>\n\t\t\t\t<\/div>\n\t\t\t\t<\/div>\n\t\t<div class=\"elementor-element elementor-element-5e519a7 e-con-full e-flex e-con e-child\" data-id=\"5e519a7\" data-element_type=\"container\" data-settings=\"{&quot;content_width&quot;:&quot;full&quot;}\">\n\t\t\t\t<div class=\"elementor-element elementor-element-1693938 elementor-widget elementor-widget-html\" data-id=\"1693938\" data-element_type=\"widget\" data-widget_type=\"html.default\">\n\t\t\t\t<div class=\"elementor-widget-container\">\n\t\t\t<style>\n    .gif h2, .gif a, .gif p, .gif span, .gif h3, .gif {\n        font-family: museo-sans !important;\n    }\n    \n    .fade:hover {\n        transition-delay: 0.5s !important;\n    \n<\/style>\t\t<\/div>\n\t\t\t\t<\/div>\n\t\t\t\t<\/div>\n\t\t\t\t\t<\/div>\n\t\t\t\t<\/div>\n\t\t<div class=\"elementor-element elementor-element-234cccf elementor-hidden-desktop e-con-full e-flex e-con e-parent\" data-id=\"234cccf\" data-element_type=\"container\" data-settings=\"{&quot;content_width&quot;:&quot;full&quot;,&quot;animation_mobile&quot;:&quot;fadeInUp&quot;}\" data-core-v316-plus=\"true\">\n\t\t<div class=\"elementor-element elementor-element-590e35b e-con-full e-flex e-con e-child\" data-id=\"590e35b\" data-element_type=\"container\" data-settings=\"{&quot;content_width&quot;:&quot;full&quot;}\">\n\t\t\t\t<div class=\"elementor-element elementor-element-f85a910 gif elementor-widget elementor-widget-heading\" data-id=\"f85a910\" data-element_type=\"widget\" data-widget_type=\"heading.default\">\n\t\t\t\t<div class=\"elementor-widget-container\">\n\t\t\t<h2 class=\"elementor-heading-title elementor-size-default\">Por que contratar?\u200b<\/h2>\t\t<\/div>\n\t\t\t\t<\/div>\n\t\t\t\t<div class=\"elementor-element elementor-element-42710d3 elementor-widget elementor-widget-image\" data-id=\"42710d3\" data-element_type=\"widget\" data-widget_type=\"image.default\">\n\t\t\t\t<div class=\"elementor-widget-container\">\n\t\t\t\t\t\t\t\t\t\t\t\t\t\t\t<img decoding=\"async\" loading=\"lazy\" width=\"143\" height=\"8\" src=\"https:\/\/gif.salsanova.cloud\/wp-content\/uploads\/2023\/10\/divisor.png\" class=\"attachment-large size-large wp-image-25\" alt=\"\" \/>\t\t\t\t\t\t\t\t\t\t\t\t\t\t\t<\/div>\n\t\t\t\t<\/div>\n\t\t\t\t<\/div>\n\t\t<div class=\"elementor-element elementor-element-8bda91d e-con-full e-flex e-con e-child\" data-id=\"8bda91d\" data-element_type=\"container\" data-settings=\"{&quot;content_width&quot;:&quot;full&quot;}\">\n\t\t\t\t<div class=\"elementor-element elementor-element-3763b3f elementor-widget elementor-widget-html\" data-id=\"3763b3f\" data-element_type=\"widget\" data-widget_type=\"html.default\">\n\t\t\t\t<div class=\"elementor-widget-container\">\n\t\t\t<style>\n    .gif h2, .gif a, .gif p, .gif span, .gif h3, .gif {\n        font-family: museo-sans !important;\n    }\n    \n    .fade:hover {\n        transition-delay: 0.5s !important;\n    \n<\/style>\t\t<\/div>\n\t\t\t\t<\/div>\n\t\t\t\t<\/div>\n\t\t\t\t<\/div>\n\t\t<div class=\"elementor-element elementor-element-8dc2560 elementor-hidden-tablet elementor-hidden-mobile animated-slow e-flex e-con-boxed elementor-invisible e-con e-parent\" data-id=\"8dc2560\" data-element_type=\"container\" data-settings=\"{&quot;animation&quot;:&quot;fadeInUp&quot;,&quot;content_width&quot;:&quot;boxed&quot;}\" data-core-v316-plus=\"true\">\n\t\t\t\t\t<div class=\"e-con-inner\">\n\t\t<div class=\"elementor-element elementor-element-fcfc371 e-con-full e-flex e-con e-child\" data-id=\"fcfc371\" data-element_type=\"container\" data-settings=\"{&quot;content_width&quot;:&quot;full&quot;}\">\n\t\t\t\t<div class=\"elementor-element elementor-element-353a927 gif elementor-widget elementor-widget-text-editor\" data-id=\"353a927\" data-element_type=\"widget\" data-widget_type=\"text-editor.default\">\n\t\t\t\t<div class=\"elementor-widget-container\">\n\t\t\t<style>\/*! elementor - v3.16.0 - 09-10-2023 *\/\n.elementor-widget-text-editor.elementor-drop-cap-view-stacked .elementor-drop-cap{background-color:#69727d;color:#fff}.elementor-widget-text-editor.elementor-drop-cap-view-framed .elementor-drop-cap{color:#69727d;border:3px solid;background-color:transparent}.elementor-widget-text-editor:not(.elementor-drop-cap-view-default) .elementor-drop-cap{margin-top:8px}.elementor-widget-text-editor:not(.elementor-drop-cap-view-default) .elementor-drop-cap-letter{width:1em;height:1em}.elementor-widget-text-editor .elementor-drop-cap{float:left;text-align:center;line-height:1;font-size:50px}.elementor-widget-text-editor .elementor-drop-cap-letter{display:inline-block}<\/style>\t\t\t\t<p>ESTAMOS SEMPRE UM PASSO \u00c0 FRENTE DOS FRAUDADORES<\/p>\t\t\t\t\t\t<\/div>\n\t\t\t\t<\/div>\n\t\t\t\t<div class=\"elementor-element elementor-element-edd25e4 gif elementor-widget elementor-widget-text-editor\" data-id=\"edd25e4\" data-element_type=\"widget\" data-widget_type=\"text-editor.default\">\n\t\t\t\t<div class=\"elementor-widget-container\">\n\t\t\t\t\t\t\t<p>Buscamos constantemente evoluir e aprimorar nossas solu\u00e7\u00f5es, oferecendo uma abordagem especializada e personalizada, apoiada por uma equipe de profissionais \u00e9ticos e preparados para enfrentar as a\u00e7\u00f5es dos fraudadores. Por meio de atualiza\u00e7\u00f5es cont\u00ednuas e a busca por conhecimento, reafirmamos nosso compromisso em garantir a seguran\u00e7a e a prote\u00e7\u00e3o dos nossos clientes.<\/p>\t\t\t\t\t\t<\/div>\n\t\t\t\t<\/div>\n\t\t\t\t<div class=\"elementor-element elementor-element-6f8b456 gif elementor-widget elementor-widget-text-editor\" data-id=\"6f8b456\" data-element_type=\"widget\" data-widget_type=\"text-editor.default\">\n\t\t\t\t<div class=\"elementor-widget-container\">\n\t\t\t\t\t\t\t<p>INVESTIGA\u00c7\u00d5ES CORPORATIVAS COMPLETAS<\/p>\t\t\t\t\t\t<\/div>\n\t\t\t\t<\/div>\n\t\t\t\t<div class=\"elementor-element elementor-element-86808c0 gif elementor-widget elementor-widget-text-editor\" data-id=\"86808c0\" data-element_type=\"widget\" data-widget_type=\"text-editor.default\">\n\t\t\t\t<div class=\"elementor-widget-container\">\n\t\t\t\t\t\t\t<p>Oferecemos uma atua\u00e7\u00e3o abrangente que cobre todas as etapas da investiga\u00e7\u00e3o corporativa. Desde a identifica\u00e7\u00e3o e an\u00e1lise de casos suspeitos at\u00e9 a minuciosa coleta de evid\u00eancias e presta\u00e7\u00e3o de consultoria estrat\u00e9gica, estamos ao lado de nossos clientes em todas as fases do processo.\u00a0<\/p>\t\t\t\t\t\t<\/div>\n\t\t\t\t<\/div>\n\t\t\t\t<div class=\"elementor-element elementor-element-1952273 gif elementor-widget elementor-widget-text-editor\" data-id=\"1952273\" data-element_type=\"widget\" data-widget_type=\"text-editor.default\">\n\t\t\t\t<div class=\"elementor-widget-container\">\n\t\t\t\t\t\t\t<p>Nossa equipe est\u00e1 pronta para fornecer a melhor assist\u00eancia e suporte necess\u00e1rio, guiando nossos clientes com excel\u00eancia para tomadas de decis\u00e3o s\u00f3lidas.\u00a0<\/p>\t\t\t\t\t\t<\/div>\n\t\t\t\t<\/div>\n\t\t\t\t<div class=\"elementor-element elementor-element-ae177af gif elementor-widget elementor-widget-text-editor\" data-id=\"ae177af\" data-element_type=\"widget\" data-widget_type=\"text-editor.default\">\n\t\t\t\t<div class=\"elementor-widget-container\">\n\t\t\t\t\t\t\t<p>Com nossa dedica\u00e7\u00e3o e expertise, asseguramos que nossos clientes tenham a tranquilidade e a confian\u00e7a de que seus interesses est\u00e3o protegidos em todas as circunst\u00e2ncias.<\/p>\t\t\t\t\t\t<\/div>\n\t\t\t\t<\/div>\n\t\t\t\t<div class=\"elementor-element elementor-element-2ac26f8 gif elementor-widget elementor-widget-text-editor\" data-id=\"2ac26f8\" data-element_type=\"widget\" data-widget_type=\"text-editor.default\">\n\t\t\t\t<div class=\"elementor-widget-container\">\n\t\t\t\t\t\t\t<p>SOMOS CERTIFICADOS NAS NORMAS ISO 27001 E ISO 27701<\/p>\t\t\t\t\t\t<\/div>\n\t\t\t\t<\/div>\n\t\t\t\t<div class=\"elementor-element elementor-element-11d3557 gif elementor-widget elementor-widget-text-editor\" data-id=\"11d3557\" data-element_type=\"widget\" data-widget_type=\"text-editor.default\">\n\t\t\t\t<div class=\"elementor-widget-container\">\n\t\t\t\t\t\t\t<p>Entre os diferenciais que refor\u00e7am nosso compromisso em estabelecer e manter um sistema de gest\u00e3o de seguran\u00e7a da informa\u00e7\u00e3o em conformidade com os mais rigorosos padr\u00f5es, est\u00e3o as nossas certifica\u00e7\u00f5es nas normas ISO 27001 e ISO 27701.<\/p>\t\t\t\t\t\t<\/div>\n\t\t\t\t<\/div>\n\t\t\t\t<div class=\"elementor-element elementor-element-d861165 gif elementor-widget elementor-widget-text-editor\" data-id=\"d861165\" data-element_type=\"widget\" data-widget_type=\"text-editor.default\">\n\t\t\t\t<div class=\"elementor-widget-container\">\n\t\t\t\t\t\t\t<p>Al\u00e9m de atestarem a qualidade do nosso Sistema de Gest\u00e3o de Seguran\u00e7a da Informa\u00e7\u00e3o (SGSI) e do Sistema de Gest\u00e3o de Privacidade da Informa\u00e7\u00e3o (SGPI), essas certifica\u00e7\u00f5es tamb\u00e9m impulsionam uma cultura de melhoria cont\u00ednua em nossa empresa.<\/p>\t\t\t\t\t\t<\/div>\n\t\t\t\t<\/div>\n\t\t\t\t<div class=\"elementor-element elementor-element-e22666d gif elementor-widget elementor-widget-text-editor\" data-id=\"e22666d\" data-element_type=\"widget\" data-widget_type=\"text-editor.default\">\n\t\t\t\t<div class=\"elementor-widget-container\">\n\t\t\t\t\t\t\t<p>Por isso, estamos sempre atualizados em rela\u00e7\u00e3o \u00e0s melhores pr\u00e1ticas de seguran\u00e7a e preparados para lidar com os novos e constantes desafios, o que nos permite oferecer solu\u00e7\u00f5es cada vez mais robustas e eficientes aos nossos clientes.<\/p>\t\t\t\t\t\t<\/div>\n\t\t\t\t<\/div>\n\t\t\t\t<\/div>\n\t\t<div class=\"elementor-element elementor-element-822c46e e-con-full e-flex e-con e-child\" data-id=\"822c46e\" data-element_type=\"container\" data-settings=\"{&quot;content_width&quot;:&quot;full&quot;}\">\n\t\t\t\t<\/div>\n\t\t\t\t\t<\/div>\n\t\t\t\t<\/div>\n\t\t<div class=\"elementor-element elementor-element-6416ef1 elementor-hidden-desktop e-con-full e-flex e-con e-parent\" data-id=\"6416ef1\" data-element_type=\"container\" data-settings=\"{&quot;content_width&quot;:&quot;full&quot;,&quot;animation_mobile&quot;:&quot;fadeInUp&quot;}\" data-core-v316-plus=\"true\">\n\t\t<div class=\"elementor-element elementor-element-2dab532 e-con-full e-flex e-con e-child\" data-id=\"2dab532\" data-element_type=\"container\" data-settings=\"{&quot;content_width&quot;:&quot;full&quot;}\">\n\t\t\t\t<div class=\"elementor-element elementor-element-a85643c gif elementor-widget elementor-widget-text-editor\" data-id=\"a85643c\" data-element_type=\"widget\" data-widget_type=\"text-editor.default\">\n\t\t\t\t<div class=\"elementor-widget-container\">\n\t\t\t\t\t\t\t<p>ESTAMOS SEMPRE UM PASSO \u00c0 FRENTE DOS FRAUDADORES<\/p>\t\t\t\t\t\t<\/div>\n\t\t\t\t<\/div>\n\t\t\t\t<div class=\"elementor-element elementor-element-c778248 gif elementor-widget elementor-widget-text-editor\" data-id=\"c778248\" data-element_type=\"widget\" data-widget_type=\"text-editor.default\">\n\t\t\t\t<div class=\"elementor-widget-container\">\n\t\t\t\t\t\t\t<p>Buscamos constantemente evoluir e aprimorar nossas solu\u00e7\u00f5es, oferecendo uma abordagem especializada e personalizada, apoiada por uma equipe de profissionais \u00e9ticos e preparados para enfrentar as a\u00e7\u00f5es dos fraudadores. Por meio de atualiza\u00e7\u00f5es cont\u00ednuas e a busca por conhecimento, reafirmamos nosso compromisso em garantir a seguran\u00e7a e a prote\u00e7\u00e3o dos nossos clientes.<\/p>\t\t\t\t\t\t<\/div>\n\t\t\t\t<\/div>\n\t\t\t\t<div class=\"elementor-element elementor-element-9bf941e gif elementor-widget elementor-widget-text-editor\" data-id=\"9bf941e\" data-element_type=\"widget\" data-widget_type=\"text-editor.default\">\n\t\t\t\t<div class=\"elementor-widget-container\">\n\t\t\t\t\t\t\t<p>INVESTIGA\u00c7\u00d5ES CORPORATIVAS COMPLETAS<\/p>\t\t\t\t\t\t<\/div>\n\t\t\t\t<\/div>\n\t\t\t\t<div class=\"elementor-element elementor-element-4443c63 gif elementor-widget elementor-widget-text-editor\" data-id=\"4443c63\" data-element_type=\"widget\" data-widget_type=\"text-editor.default\">\n\t\t\t\t<div class=\"elementor-widget-container\">\n\t\t\t\t\t\t\t<p>Oferecemos uma atua\u00e7\u00e3o abrangente que cobre todas as etapas da investiga\u00e7\u00e3o corporativa. Desde a identifica\u00e7\u00e3o e an\u00e1lise de casos suspeitos at\u00e9 a minuciosa coleta de evid\u00eancias e presta\u00e7\u00e3o de consultoria estrat\u00e9gica, estamos ao lado de nossos clientes em todas as fases do processo.\u00a0<\/p>\t\t\t\t\t\t<\/div>\n\t\t\t\t<\/div>\n\t\t\t\t<div class=\"elementor-element elementor-element-260289f gif elementor-widget elementor-widget-text-editor\" data-id=\"260289f\" data-element_type=\"widget\" data-widget_type=\"text-editor.default\">\n\t\t\t\t<div class=\"elementor-widget-container\">\n\t\t\t\t\t\t\t<p>Nossa equipe est\u00e1 pronta para fornecer a melhor assist\u00eancia e suporte necess\u00e1rio, guiando nossos clientes com excel\u00eancia para tomadas de decis\u00e3o s\u00f3lidas.\u00a0<\/p>\t\t\t\t\t\t<\/div>\n\t\t\t\t<\/div>\n\t\t\t\t<div class=\"elementor-element elementor-element-9ff039f gif elementor-widget elementor-widget-text-editor\" data-id=\"9ff039f\" data-element_type=\"widget\" data-widget_type=\"text-editor.default\">\n\t\t\t\t<div class=\"elementor-widget-container\">\n\t\t\t\t\t\t\t<p>Com nossa dedica\u00e7\u00e3o e expertise, asseguramos que nossos clientes tenham a tranquilidade e a confian\u00e7a de que seus interesses est\u00e3o protegidos em todas as circunst\u00e2ncias.<\/p>\t\t\t\t\t\t<\/div>\n\t\t\t\t<\/div>\n\t\t\t\t<div class=\"elementor-element elementor-element-e5c638b gif elementor-widget elementor-widget-text-editor\" data-id=\"e5c638b\" data-element_type=\"widget\" data-widget_type=\"text-editor.default\">\n\t\t\t\t<div class=\"elementor-widget-container\">\n\t\t\t\t\t\t\t<p>SOMOS CERTIFICADOS NAS NORMAS ISO 27001 E ISO 27701<\/p>\t\t\t\t\t\t<\/div>\n\t\t\t\t<\/div>\n\t\t\t\t<div class=\"elementor-element elementor-element-52bd705 gif elementor-widget elementor-widget-text-editor\" data-id=\"52bd705\" data-element_type=\"widget\" data-widget_type=\"text-editor.default\">\n\t\t\t\t<div class=\"elementor-widget-container\">\n\t\t\t\t\t\t\t<p>Entre os diferenciais que refor\u00e7am nosso compromisso em estabelecer e manter um sistema de gest\u00e3o de seguran\u00e7a da informa\u00e7\u00e3o em conformidade com os mais rigorosos padr\u00f5es, est\u00e3o as nossas certifica\u00e7\u00f5es nas normas ISO 27001 e ISO 27701.<\/p>\t\t\t\t\t\t<\/div>\n\t\t\t\t<\/div>\n\t\t\t\t<div class=\"elementor-element elementor-element-363ef50 gif elementor-widget elementor-widget-text-editor\" data-id=\"363ef50\" data-element_type=\"widget\" data-widget_type=\"text-editor.default\">\n\t\t\t\t<div class=\"elementor-widget-container\">\n\t\t\t\t\t\t\t<p>Al\u00e9m de atestarem a qualidade do nosso Sistema de Gest\u00e3o de Seguran\u00e7a da Informa\u00e7\u00e3o (SGSI) e do Sistema de Gest\u00e3o de Privacidade da Informa\u00e7\u00e3o (SGPI), essas certifica\u00e7\u00f5es tamb\u00e9m impulsionam uma cultura de melhoria cont\u00ednua em nossa empresa.<\/p>\t\t\t\t\t\t<\/div>\n\t\t\t\t<\/div>\n\t\t\t\t<div class=\"elementor-element elementor-element-7b33443 gif elementor-widget elementor-widget-text-editor\" data-id=\"7b33443\" data-element_type=\"widget\" data-widget_type=\"text-editor.default\">\n\t\t\t\t<div class=\"elementor-widget-container\">\n\t\t\t\t\t\t\t<p>Por isso, estamos sempre atualizados em rela\u00e7\u00e3o \u00e0s melhores pr\u00e1ticas de seguran\u00e7a e preparados para lidar com os novos e constantes desafios, o que nos permite oferecer solu\u00e7\u00f5es cada vez mais robustas e eficientes aos nossos clientes.<\/p>\t\t\t\t\t\t<\/div>\n\t\t\t\t<\/div>\n\t\t\t\t<\/div>\n\t\t<div class=\"elementor-element elementor-element-d095433 e-con-full e-flex e-con e-child\" data-id=\"d095433\" data-element_type=\"container\" data-settings=\"{&quot;content_width&quot;:&quot;full&quot;}\">\n\t\t\t\t<\/div>\n\t\t\t\t<\/div>\n\t\t\t\t\t\t\t<\/div>\n\t\t","protected":false},"excerpt":{"rendered":"<p>Por que contratar? Por que contratar?\u200b ESTAMOS SEMPRE UM PASSO \u00c0 FRENTE DOS FRAUDADORES Buscamos constantemente evoluir e aprimorar nossas solu\u00e7\u00f5es, oferecendo uma abordagem especializada e personalizada, apoiada por uma equipe de profissionais \u00e9ticos e preparados para enfrentar as a\u00e7\u00f5es dos fraudadores. Por meio de atualiza\u00e7\u00f5es cont\u00ednuas e a busca por conhecimento, reafirmamos nosso compromisso [&hellip;]<\/p>\n","protected":false},"author":1,"featured_media":0,"parent":0,"menu_order":0,"comment_status":"closed","ping_status":"closed","template":"elementor_header_footer","meta":{"footnotes":""},"_links":{"self":[{"href":"https:\/\/gif.salsanova.cloud\/index.php\/wp-json\/wp\/v2\/pages\/373"}],"collection":[{"href":"https:\/\/gif.salsanova.cloud\/index.php\/wp-json\/wp\/v2\/pages"}],"about":[{"href":"https:\/\/gif.salsanova.cloud\/index.php\/wp-json\/wp\/v2\/types\/page"}],"author":[{"embeddable":true,"href":"https:\/\/gif.salsanova.cloud\/index.php\/wp-json\/wp\/v2\/users\/1"}],"replies":[{"embeddable":true,"href":"https:\/\/gif.salsanova.cloud\/index.php\/wp-json\/wp\/v2\/comments?post=373"}],"version-history":[{"count":65,"href":"https:\/\/gif.salsanova.cloud\/index.php\/wp-json\/wp\/v2\/pages\/373\/revisions"}],"predecessor-version":[{"id":4213,"href":"https:\/\/gif.salsanova.cloud\/index.php\/wp-json\/wp\/v2\/pages\/373\/revisions\/4213"}],"wp:attachment":[{"href":"https:\/\/gif.salsanova.cloud\/index.php\/wp-json\/wp\/v2\/media?parent=373"}],"curies":[{"name":"wp","href":"https:\/\/api.w.org\/{rel}","templated":true}]}}