{"id":380,"date":"2023-10-27T03:18:24","date_gmt":"2023-10-27T06:18:24","guid":{"rendered":"https:\/\/gif.salsanova.cloud\/?page_id=380"},"modified":"2024-01-04T16:36:00","modified_gmt":"2024-01-04T19:36:00","slug":"canal-de-etica","status":"publish","type":"page","link":"https:\/\/gif.salsanova.cloud\/index.php\/canal-de-etica\/","title":{"rendered":"Canal de \u00c9tica"},"content":{"rendered":"\t\t<div data-elementor-type=\"wp-page\" data-elementor-id=\"380\" class=\"elementor elementor-380\" data-elementor-post-type=\"page\">\n\t\t\t\t\t\t\t<div class=\"elementor-element elementor-element-5fe4463 elementor-hidden-tablet elementor-hidden-mobile animated-slow e-flex e-con-boxed elementor-invisible e-con e-parent\" data-id=\"5fe4463\" data-element_type=\"container\" data-settings=\"{&quot;animation&quot;:&quot;fadeInUp&quot;,&quot;content_width&quot;:&quot;boxed&quot;}\" data-core-v316-plus=\"true\">\n\t\t\t\t\t<div class=\"e-con-inner\">\n\t\t<div class=\"elementor-element elementor-element-3c7e581 e-con-full e-flex e-con e-child\" data-id=\"3c7e581\" data-element_type=\"container\" data-settings=\"{&quot;content_width&quot;:&quot;full&quot;}\">\n\t\t\t\t<div class=\"elementor-element elementor-element-135fe16 gif elementor-widget elementor-widget-heading\" data-id=\"135fe16\" data-element_type=\"widget\" data-widget_type=\"heading.default\">\n\t\t\t\t<div class=\"elementor-widget-container\">\n\t\t\t<style>\/*! elementor - v3.16.0 - 09-10-2023 *\/\n.elementor-heading-title{padding:0;margin:0;line-height:1}.elementor-widget-heading .elementor-heading-title[class*=elementor-size-]>a{color:inherit;font-size:inherit;line-height:inherit}.elementor-widget-heading .elementor-heading-title.elementor-size-small{font-size:15px}.elementor-widget-heading .elementor-heading-title.elementor-size-medium{font-size:19px}.elementor-widget-heading .elementor-heading-title.elementor-size-large{font-size:29px}.elementor-widget-heading .elementor-heading-title.elementor-size-xl{font-size:39px}.elementor-widget-heading .elementor-heading-title.elementor-size-xxl{font-size:59px}<\/style><h2 class=\"elementor-heading-title elementor-size-default\">Canal de \u00c9tica<\/h2>\t\t<\/div>\n\t\t\t\t<\/div>\n\t\t\t\t<div class=\"elementor-element elementor-element-b60babb elementor-widget elementor-widget-image\" data-id=\"b60babb\" data-element_type=\"widget\" data-widget_type=\"image.default\">\n\t\t\t\t<div class=\"elementor-widget-container\">\n\t\t\t<style>\/*! elementor - v3.16.0 - 09-10-2023 *\/\n.elementor-widget-image{text-align:center}.elementor-widget-image a{display:inline-block}.elementor-widget-image a img[src$=\".svg\"]{width:48px}.elementor-widget-image img{vertical-align:middle;display:inline-block}<\/style>\t\t\t\t\t\t\t\t\t\t\t\t<img decoding=\"async\" loading=\"lazy\" width=\"143\" height=\"8\" src=\"https:\/\/gif.salsanova.cloud\/wp-content\/uploads\/2023\/10\/divisor.png\" class=\"attachment-large size-large wp-image-25\" alt=\"\" \/>\t\t\t\t\t\t\t\t\t\t\t\t\t\t\t<\/div>\n\t\t\t\t<\/div>\n\t\t\t\t<\/div>\n\t\t<div class=\"elementor-element elementor-element-5e519a7 e-con-full e-flex e-con e-child\" data-id=\"5e519a7\" data-element_type=\"container\" data-settings=\"{&quot;content_width&quot;:&quot;full&quot;}\">\n\t\t\t\t<div class=\"elementor-element elementor-element-1693938 elementor-widget elementor-widget-html\" data-id=\"1693938\" data-element_type=\"widget\" data-widget_type=\"html.default\">\n\t\t\t\t<div class=\"elementor-widget-container\">\n\t\t\t<style>\n    .gif h2, .gif a, .gif p, .gif span, .gif h3, .gif {\n        font-family: museo-sans !important;\n    }\n    \n    .fade:hover {\n        transition-delay: 0.5s !important;\n    \n<\/style>\t\t<\/div>\n\t\t\t\t<\/div>\n\t\t\t\t<\/div>\n\t\t\t\t\t<\/div>\n\t\t\t\t<\/div>\n\t\t<div class=\"elementor-element elementor-element-64c590d e-con-full elementor-hidden-desktop e-flex e-con e-parent\" data-id=\"64c590d\" data-element_type=\"container\" data-settings=\"{&quot;content_width&quot;:&quot;full&quot;,&quot;animation_mobile&quot;:&quot;fadeInUp&quot;}\" data-core-v316-plus=\"true\">\n\t\t<div class=\"elementor-element elementor-element-3148d0e e-con-full e-flex e-con e-child\" data-id=\"3148d0e\" data-element_type=\"container\" data-settings=\"{&quot;content_width&quot;:&quot;full&quot;}\">\n\t\t\t\t<div class=\"elementor-element elementor-element-d416af0 gif elementor-widget elementor-widget-heading\" data-id=\"d416af0\" data-element_type=\"widget\" data-widget_type=\"heading.default\">\n\t\t\t\t<div class=\"elementor-widget-container\">\n\t\t\t<h2 class=\"elementor-heading-title elementor-size-default\">Canal de \u00c9tica<\/h2>\t\t<\/div>\n\t\t\t\t<\/div>\n\t\t\t\t<div class=\"elementor-element elementor-element-a51d708 elementor-widget elementor-widget-image\" data-id=\"a51d708\" data-element_type=\"widget\" data-widget_type=\"image.default\">\n\t\t\t\t<div class=\"elementor-widget-container\">\n\t\t\t\t\t\t\t\t\t\t\t\t\t\t\t<img decoding=\"async\" loading=\"lazy\" width=\"143\" height=\"8\" src=\"https:\/\/gif.salsanova.cloud\/wp-content\/uploads\/2023\/10\/divisor.png\" class=\"attachment-large size-large wp-image-25\" alt=\"\" \/>\t\t\t\t\t\t\t\t\t\t\t\t\t\t\t<\/div>\n\t\t\t\t<\/div>\n\t\t\t\t<\/div>\n\t\t<div class=\"elementor-element elementor-element-0f147af e-con-full e-flex e-con e-child\" data-id=\"0f147af\" data-element_type=\"container\" data-settings=\"{&quot;content_width&quot;:&quot;full&quot;}\">\n\t\t\t\t<div class=\"elementor-element elementor-element-d7c22ef elementor-widget elementor-widget-html\" data-id=\"d7c22ef\" data-element_type=\"widget\" data-widget_type=\"html.default\">\n\t\t\t\t<div class=\"elementor-widget-container\">\n\t\t\t<style>\n    .gif h2, .gif a, .gif p, .gif span, .gif h3, .gif {\n        font-family: museo-sans !important;\n    }\n    \n    .fade:hover {\n        transition-delay: 0.5s !important;\n    \n<\/style>\t\t<\/div>\n\t\t\t\t<\/div>\n\t\t\t\t<\/div>\n\t\t\t\t<\/div>\n\t\t<div class=\"elementor-element elementor-element-8dc2560 elementor-hidden-tablet elementor-hidden-mobile animated-slow e-flex e-con-boxed elementor-invisible e-con e-parent\" data-id=\"8dc2560\" data-element_type=\"container\" data-settings=\"{&quot;animation&quot;:&quot;fadeInUp&quot;,&quot;content_width&quot;:&quot;boxed&quot;}\" data-core-v316-plus=\"true\">\n\t\t\t\t\t<div class=\"e-con-inner\">\n\t\t<div class=\"elementor-element elementor-element-fcfc371 e-con-full e-flex e-con e-child\" data-id=\"fcfc371\" data-element_type=\"container\" data-settings=\"{&quot;content_width&quot;:&quot;full&quot;}\">\n\t\t\t\t<div class=\"elementor-element elementor-element-11d3557 gif elementor-widget elementor-widget-text-editor\" data-id=\"11d3557\" data-element_type=\"widget\" data-widget_type=\"text-editor.default\">\n\t\t\t\t<div class=\"elementor-widget-container\">\n\t\t\t<style>\/*! elementor - v3.16.0 - 09-10-2023 *\/\n.elementor-widget-text-editor.elementor-drop-cap-view-stacked .elementor-drop-cap{background-color:#69727d;color:#fff}.elementor-widget-text-editor.elementor-drop-cap-view-framed .elementor-drop-cap{color:#69727d;border:3px solid;background-color:transparent}.elementor-widget-text-editor:not(.elementor-drop-cap-view-default) .elementor-drop-cap{margin-top:8px}.elementor-widget-text-editor:not(.elementor-drop-cap-view-default) .elementor-drop-cap-letter{width:1em;height:1em}.elementor-widget-text-editor .elementor-drop-cap{float:left;text-align:center;line-height:1;font-size:50px}.elementor-widget-text-editor .elementor-drop-cap-letter{display:inline-block}<\/style>\t\t\t\t<p>O objetivo do Canal de \u00c9tica \u00e9 que colaboradores, clientes, fornecedores e\/ou terceiros possam denunciar comportamentos indevidos, atos contra o C\u00f3digo de \u00c9tica e Conduta da GIF, ou qualquer a\u00e7\u00e3o ou situa\u00e7\u00e3o n\u00e3o \u00e9tica que possa afetar os interesses da empresa.\u00a0<\/p>\t\t\t\t\t\t<\/div>\n\t\t\t\t<\/div>\n\t\t\t\t<div class=\"elementor-element elementor-element-d861165 gif elementor-widget elementor-widget-text-editor\" data-id=\"d861165\" data-element_type=\"widget\" data-widget_type=\"text-editor.default\">\n\t\t\t\t<div class=\"elementor-widget-container\">\n\t\t\t\t\t\t\t<p>Os tipos de incidentes que podem ser relatados s\u00e3o diversos, alguns deles s\u00e3o: viola\u00e7\u00f5es \u00e0s pol\u00edticas e procedimentos corporativos (tais como o C\u00f3digo de \u00c9tica e Conduta, Pol\u00edtica de Anticorrup\u00e7\u00e3o, entre outros); viola\u00e7\u00f5es a aspectos legais; fraude financeira\/fraude operacional; assuntos trabalhistas sobre funcion\u00e1rios e emprego (tais como ass\u00e9dio, discrimina\u00e7\u00e3o, maus tratos, entre outros); e roubos de informa\u00e7\u00e3o ou dados confidenciais.\u00a0<\/p>\t\t\t\t\t\t<\/div>\n\t\t\t\t<\/div>\n\t\t\t\t<div class=\"elementor-element elementor-element-e22666d gif elementor-widget elementor-widget-text-editor\" data-id=\"e22666d\" data-element_type=\"widget\" data-widget_type=\"text-editor.default\">\n\t\t\t\t<div class=\"elementor-widget-container\">\n\t\t\t\t\t\t\t<p>As den\u00fancias s\u00e3o recebidas e processadas por um parceiro externo especializado e colocadas \u00e0 disposi\u00e7\u00e3o de um comit\u00ea interno da empresa, garantindo, dessa forma, total independ\u00eancia e objetividade.<\/p>\t\t\t\t\t\t<\/div>\n\t\t\t\t<\/div>\n\t\t\t\t<div class=\"elementor-element elementor-element-d8581c9 gif elementor-widget elementor-widget-button\" data-id=\"d8581c9\" data-element_type=\"widget\" data-widget_type=\"button.default\">\n\t\t\t\t<div class=\"elementor-widget-container\">\n\t\t\t\t\t<div class=\"elementor-button-wrapper\">\n\t\t\t<a class=\"elementor-button elementor-button-link elementor-size-sm\" href=\"https:\/\/etica.resguarda.com\/gifinternational\/main_pt.html\" target=\"_blank\">\n\t\t\t\t\t\t<span class=\"elementor-button-content-wrapper\">\n\t\t\t\t\t\t<span class=\"elementor-button-text\">FA\u00c7A SUA DEN\u00daNCIA<\/span>\n\t\t<\/span>\n\t\t\t\t\t<\/a>\n\t\t<\/div>\n\t\t\t\t<\/div>\n\t\t\t\t<\/div>\n\t\t\t\t<\/div>\n\t\t<div class=\"elementor-element elementor-element-822c46e e-con-full e-flex e-con e-child\" data-id=\"822c46e\" data-element_type=\"container\" data-settings=\"{&quot;content_width&quot;:&quot;full&quot;}\">\n\t\t\t\t<\/div>\n\t\t\t\t\t<\/div>\n\t\t\t\t<\/div>\n\t\t<div class=\"elementor-element elementor-element-e9412fd elementor-hidden-desktop e-con-full e-flex e-con e-parent\" data-id=\"e9412fd\" data-element_type=\"container\" data-settings=\"{&quot;content_width&quot;:&quot;full&quot;,&quot;animation_mobile&quot;:&quot;fadeInUp&quot;}\" data-core-v316-plus=\"true\">\n\t\t<div class=\"elementor-element elementor-element-f68be41 e-con-full e-flex e-con e-child\" data-id=\"f68be41\" data-element_type=\"container\" data-settings=\"{&quot;content_width&quot;:&quot;full&quot;}\">\n\t\t\t\t<div class=\"elementor-element elementor-element-709c28d gif elementor-widget elementor-widget-text-editor\" data-id=\"709c28d\" data-element_type=\"widget\" data-widget_type=\"text-editor.default\">\n\t\t\t\t<div class=\"elementor-widget-container\">\n\t\t\t\t\t\t\t<p>O objetivo do Canal de \u00c9tica \u00e9 que colaboradores, clientes, fornecedores e\/ou terceiros possam denunciar comportamentos indevidos, atos contra o C\u00f3digo de \u00c9tica e Conduta da GIF, ou qualquer a\u00e7\u00e3o ou situa\u00e7\u00e3o n\u00e3o \u00e9tica que possa afetar os interesses da empresa.\u00a0<\/p>\t\t\t\t\t\t<\/div>\n\t\t\t\t<\/div>\n\t\t\t\t<div class=\"elementor-element elementor-element-16abe32 gif elementor-widget elementor-widget-text-editor\" data-id=\"16abe32\" data-element_type=\"widget\" data-widget_type=\"text-editor.default\">\n\t\t\t\t<div class=\"elementor-widget-container\">\n\t\t\t\t\t\t\t<p>Os tipos de incidentes que podem ser relatados s\u00e3o diversos, alguns deles s\u00e3o: viola\u00e7\u00f5es \u00e0s pol\u00edticas e procedimentos corporativos (tais como o C\u00f3digo de \u00c9tica e Conduta, Pol\u00edtica de Anticorrup\u00e7\u00e3o, entre outros); viola\u00e7\u00f5es a aspectos legais; fraude financeira\/fraude operacional; assuntos trabalhistas sobre funcion\u00e1rios e emprego (tais como ass\u00e9dio, discrimina\u00e7\u00e3o, maus tratos, entre outros); e roubos de informa\u00e7\u00e3o ou dados confidenciais.\u00a0<\/p>\t\t\t\t\t\t<\/div>\n\t\t\t\t<\/div>\n\t\t\t\t<div class=\"elementor-element elementor-element-0dbc3cd gif elementor-widget elementor-widget-text-editor\" data-id=\"0dbc3cd\" data-element_type=\"widget\" data-widget_type=\"text-editor.default\">\n\t\t\t\t<div class=\"elementor-widget-container\">\n\t\t\t\t\t\t\t<p>As den\u00fancias s\u00e3o recebidas e processadas por um parceiro externo especializado e colocadas \u00e0 disposi\u00e7\u00e3o de um comit\u00ea interno da empresa, garantindo, dessa forma, total independ\u00eancia e objetividade.<\/p>\t\t\t\t\t\t<\/div>\n\t\t\t\t<\/div>\n\t\t\t\t<div class=\"elementor-element elementor-element-507ae29 gif elementor-widget elementor-widget-button\" data-id=\"507ae29\" data-element_type=\"widget\" data-widget_type=\"button.default\">\n\t\t\t\t<div class=\"elementor-widget-container\">\n\t\t\t\t\t<div class=\"elementor-button-wrapper\">\n\t\t\t<a class=\"elementor-button elementor-button-link elementor-size-sm\" href=\"https:\/\/etica.resguarda.com\/gifinternational\/main_pt.html\" target=\"_blank\">\n\t\t\t\t\t\t<span class=\"elementor-button-content-wrapper\">\n\t\t\t\t\t\t<span class=\"elementor-button-text\">FA\u00c7A SUA DEN\u00daNCIA<\/span>\n\t\t<\/span>\n\t\t\t\t\t<\/a>\n\t\t<\/div>\n\t\t\t\t<\/div>\n\t\t\t\t<\/div>\n\t\t\t\t<\/div>\n\t\t<div class=\"elementor-element elementor-element-95cc359 e-con-full e-flex e-con e-child\" data-id=\"95cc359\" data-element_type=\"container\" data-settings=\"{&quot;content_width&quot;:&quot;full&quot;}\">\n\t\t\t\t<\/div>\n\t\t\t\t<\/div>\n\t\t\t\t\t\t\t<\/div>\n\t\t","protected":false},"excerpt":{"rendered":"<p>Canal de \u00c9tica Canal de \u00c9tica O objetivo do Canal de \u00c9tica \u00e9 que colaboradores, clientes, fornecedores e\/ou terceiros possam denunciar comportamentos indevidos, atos contra o C\u00f3digo de \u00c9tica e Conduta da GIF, ou qualquer a\u00e7\u00e3o ou situa\u00e7\u00e3o n\u00e3o \u00e9tica que possa afetar os interesses da empresa.\u00a0 Os tipos de incidentes que podem ser relatados [&hellip;]<\/p>\n","protected":false},"author":1,"featured_media":0,"parent":0,"menu_order":0,"comment_status":"closed","ping_status":"closed","template":"elementor_header_footer","meta":{"footnotes":""},"_links":{"self":[{"href":"https:\/\/gif.salsanova.cloud\/index.php\/wp-json\/wp\/v2\/pages\/380"}],"collection":[{"href":"https:\/\/gif.salsanova.cloud\/index.php\/wp-json\/wp\/v2\/pages"}],"about":[{"href":"https:\/\/gif.salsanova.cloud\/index.php\/wp-json\/wp\/v2\/types\/page"}],"author":[{"embeddable":true,"href":"https:\/\/gif.salsanova.cloud\/index.php\/wp-json\/wp\/v2\/users\/1"}],"replies":[{"embeddable":true,"href":"https:\/\/gif.salsanova.cloud\/index.php\/wp-json\/wp\/v2\/comments?post=380"}],"version-history":[{"count":107,"href":"https:\/\/gif.salsanova.cloud\/index.php\/wp-json\/wp\/v2\/pages\/380\/revisions"}],"predecessor-version":[{"id":4180,"href":"https:\/\/gif.salsanova.cloud\/index.php\/wp-json\/wp\/v2\/pages\/380\/revisions\/4180"}],"wp:attachment":[{"href":"https:\/\/gif.salsanova.cloud\/index.php\/wp-json\/wp\/v2\/media?parent=380"}],"curies":[{"name":"wp","href":"https:\/\/api.w.org\/{rel}","templated":true}]}}